{"id":836,"date":"2025-10-02T12:56:29","date_gmt":"2025-10-02T12:56:29","guid":{"rendered":"https:\/\/gen-t.science\/?page_id=836"},"modified":"2026-01-28T16:56:24","modified_gmt":"2026-01-28T16:56:24","slug":"landing-page-ubs-nova-europa","status":"publish","type":"page","link":"https:\/\/gen-t.science\/pt-br\/landing-page-ubs-nova-europa\/","title":{"rendered":"Landing Page &#8211; Itatiba"},"content":{"rendered":"\n<!DOCTYPE html>\n<html lang=\"pt-BR\">\n<head>\n  <meta charset=\"UTF-8\" \/>\n  <meta name=\"viewport\" content=\"width=device-width, initial-scale=1.0\"\/>\n  <title>Participe do projeto gen-t Brasil em Itatiba<\/title>\n  <meta name=\"description\" content=\"Agende sua consulta em Itatiba no Projeto gen-t Brasil. Vagas dispon\u00edveis at\u00e9 10\/10 nas unidades M\u00e9dico para Todos e Jardim Amanda I.\" \/>\n\n  <!-- Tailwind CSS -->\n  <script src=\"https:\/\/cdn.tailwindcss.com\"><\/script>\n  <!-- Lucide Icons -->\n  <script src=\"https:\/\/unpkg.com\/lucide@latest\/dist\/umd\/lucide.js\"><\/script>\n  <!-- Fontes -->\n  <link href=\"https:\/\/fonts.googleapis.com\/css2?family=DM+Sans:wght@700&#038;family=Open+Sans&#038;display=swap\" rel=\"stylesheet\">\n\n  <style>\n    body {\n      font-family: 'Open Sans', sans-serif;\n    }\n    .font-dmsans {\n      font-family: 'DM Sans', sans-serif;\n    }\n    @keyframes fadeIn {\n      from { opacity: 0; transform: translateY(20px); }\n      to { opacity: 1; transform: translateY(0); }\n    }\n    .fade-in {\n      animation: fadeIn 0.6s ease-out;\n    }\n    .btn {\n      transition: all 0.3s ease;\n    }\n    .btn:hover {\n      background-color: #0066cc !important;\n      transform: scale(1.05);\n    }\n    .carousel {\n      display: flex;\n      gap: 1rem;\n      overflow-x: auto;\n      scroll-behavior: smooth;\n      -webkit-overflow-scrolling: touch;\n      scrollbar-width: none;\n    }\n    .carousel::-webkit-scrollbar {\n      display: none;\n    }\n  <\/style>\n<\/head>\n\n<body class=\"bg-white min-h-screen\">\n  <div class=\"py-6 px-4\">\n    <div class=\"max-w-md mx-auto\">\n\n      <!-- Header -->\n      <div class=\"text-center mb-6 fade-in\">\n        <h1 class=\"text-2xl font-bold text-gray-900 font-dmsans\">\n          Participe do projeto gen-t Brasil em Itatiba\n        <\/h1>\n        <p class=\"mt-4 text-lg font-semibold text-gray-700\">\n          J\u00e1 s\u00e3o mais de <br> \n          <strong class=\"text-[#4fa3e4]\">25 mil brasileiros<\/strong> \n          participando\n        <\/p>\n      <\/div>\n\n      <!-- Bot\u00f5es -->\n      <div class=\"text-center mb-8 fade-in\">\n        <div class=\"font-semibold mb-3 text-gray-800\">Escolha sua unidade:<\/div>\n        <div class=\"flex flex-col items-center gap-3\">\n          <a\n            href=\"\/itatiba-clinica-da-familia-novos\"\n            class=\"btn px-4 py-2 rounded-md text-white font-bold text-sm shadow-md text-center w-72\"\n            style=\"background-color: #4fa3e4;\"\n          >\n            Cl\u00ednica da Fam\u00edlia <br> (Novos)\n          <\/a>\n          <a\n            href=\"\/itatiba-clinica-da-familia-retornos\"\n            class=\"btn px-4 py-2 rounded-md text-white font-bold text-sm shadow-md text-center w-72\"\n            style=\"background-color: #4fa3e4;\"\n          >\n            Cl\u00ednica da Fam\u00edlia <br> (Retornos)\n          <\/a>\n        <\/div>\n      <\/div>\n\n      <hr class=\"my-6 border-gray-200\">\n\n      <!-- Benef\u00edcios -->\n      <div class=\"mb-10 fade-in\">\n        <h2 class=\"text-lg font-bold text-center text-gray-800 mb-4\">\n          Ao participar, voc\u00ea recebe gratuitamente:\n        <\/h2>\n\n        <div class=\"carousel pb-2 snap-x\">\n\n          <div class=\"flex-shrink-0 snap-center bg-white border border-[#579BFC] rounded-xl shadow-md w-64 p-4\">\n            <div class=\"flex justify-center mb-2\">\n              <div class=\"bg-[#8874DB] p-2 rounded-full\">\n                <i data-lucide=\"droplet\" class=\"text-white w-5 h-5\"><\/i>\n              <\/div>\n            <\/div>\n            <h3 class=\"text-center text-base font-semibold text-gray-800 font-dmsans\">Exames de Sangue<\/h3>\n            <p class=\"text-center text-sm text-gray-600 mb-1\">Hemograma, colesterol, diabetes e mais<\/p>\n          <\/div>\n\n          <div class=\"flex-shrink-0 snap-center bg-white border border-[#FF6363] rounded-xl shadow-md w-64 p-4\">\n            <div class=\"flex justify-center mb-2\">\n              <div class=\"bg-[#DC5490] p-2 rounded-full\">\n                <i data-lucide=\"file-heart\" class=\"text-white w-5 h-5\"><\/i>\n              <\/div>\n            <\/div>\n            <h3 class=\"text-center text-base font-semibold text-gray-800 font-dmsans\">Relat\u00f3rio Cardiovascular<\/h3>\n            <p class=\"text-center text-sm text-gray-600 mb-1\">Saiba como est\u00e1 a sa\u00fade do seu cora\u00e7\u00e3o<\/p>\n          <\/div>\n\n          <div class=\"flex-shrink-0 snap-center bg-white border border-[#925FE2] rounded-xl shadow-md w-64 p-4\">\n            <div class=\"flex justify-center mb-2\">\n              <div class=\"bg-[#73A4F2] p-2 rounded-full\">\n                <i data-lucide=\"earth\" class=\"text-white w-5 h-5\"><\/i>\n              <\/div>\n            <\/div>\n            <h3 class=\"text-center text-base font-semibold text-gray-800 font-dmsans\">Mapa de Ancestralidade<\/h3>\n            <p class=\"text-center text-sm text-gray-600 mb-1\">\n              Conhe\u00e7a suas origens <strong>(3\u00ba ano de participa\u00e7\u00e3o)<\/strong>\n            <\/p>\n          <\/div>\n\n        <\/div>\n      <\/div>\n\n      <!-- Footer -->\n      <div class=\"text-center space-y-1 fade-in\">\n        <img decoding=\"async\" src=\"https:\/\/gen-t.science\/wp-content\/uploads\/2025\/06\/logo_gent_180x180_2x.png\" alt=\"Logo gen-t\" class=\"mx-auto h-20 w-auto\">\n        <p class=\"text-gray-500 text-sm\">Humanidade com ci\u00eancia<\/p>\n      <\/div>\n\n    <\/div>\n  <\/div>\n\n  <script>\n    lucide.createIcons();\n  <\/script>\n\n  <!-- Script para persistir UTMs -->\n  <script>\n    const params = window.location.search;\n\n    if (params) {\n      document.querySelectorAll(\"a[href^='\/']\").forEach(link => {\n        link.href = link.href + params;\n      });\n    }\n  <\/script>\n<\/body>\n<\/html>\n\n\n\n\n<p><\/p>\n","protected":false},"excerpt":{"rendered":"<p>Participe do projeto gen-t Brasil em Itatiba Participe do projeto gen-t Brasil em Itatiba J\u00e1 s\u00e3o mais de 25 mil brasileiros participando Escolha sua unidade: Cl\u00ednica da Fam\u00edlia (Novos) Cl\u00ednica da Fam\u00edlia (Retornos) Ao participar, voc\u00ea recebe gratuitamente: Exames de Sangue Hemograma, colesterol, diabetes e mais Relat\u00f3rio Cardiovascular Saiba como est\u00e1 a sa\u00fade do seu [&hellip;]<\/p>\n","protected":false},"author":5,"featured_media":0,"parent":0,"menu_order":0,"comment_status":"closed","ping_status":"closed","template":"elementor_canvas","meta":{"_acf_changed":false,"footnotes":""},"class_list":["post-836","page","type-page","status-publish","hentry"],"acf":[],"yoast_head":"<!-- This site is optimized with the Yoast SEO plugin v27.1.1 - https:\/\/yoast.com\/product\/yoast-seo-wordpress\/ -->\n<title>Landing Page - Itatiba - Gen-t Science<\/title>\n<meta name=\"robots\" content=\"index, follow, max-snippet:-1, max-image-preview:large, max-video-preview:-1\" \/>\n<link rel=\"canonical\" href=\"https:\/\/gen-t.science\/pt-br\/landing-page-ubs-nova-europa\/\" \/>\n<meta property=\"og:locale\" content=\"pt_BR\" \/>\n<meta property=\"og:type\" content=\"article\" \/>\n<meta property=\"og:title\" content=\"Landing Page - Itatiba - Gen-t Science\" \/>\n<meta property=\"og:description\" content=\"Participe do projeto gen-t Brasil em Itatiba Participe do projeto gen-t Brasil em Itatiba J\u00e1 s\u00e3o mais de 25 mil brasileiros participando Escolha sua unidade: Cl\u00ednica da Fam\u00edlia (Novos) Cl\u00ednica da Fam\u00edlia (Retornos) Ao participar, voc\u00ea recebe gratuitamente: Exames de Sangue Hemograma, colesterol, diabetes e mais Relat\u00f3rio Cardiovascular Saiba como est\u00e1 a sa\u00fade do seu [&hellip;]\" \/>\n<meta property=\"og:url\" content=\"https:\/\/gen-t.science\/pt-br\/landing-page-ubs-nova-europa\/\" \/>\n<meta property=\"og:site_name\" content=\"Gen-t Science\" \/>\n<meta property=\"article:publisher\" content=\"https:\/\/www.facebook.com\/gentscience\/\" \/>\n<meta property=\"article:modified_time\" content=\"2026-01-28T16:56:24+00:00\" \/>\n<meta property=\"og:image\" content=\"https:\/\/gen-t.science\/wp-content\/uploads\/2025\/06\/logo_gent_180x180_2x.png\" \/>\n<meta name=\"twitter:card\" content=\"summary_large_image\" \/>\n<script type=\"application\/ld+json\" class=\"yoast-schema-graph\">{\"@context\":\"https:\/\/schema.org\",\"@graph\":[{\"@type\":\"WebPage\",\"@id\":\"https:\/\/gen-t.science\/pt-br\/landing-page-ubs-nova-europa\/\",\"url\":\"https:\/\/gen-t.science\/pt-br\/landing-page-ubs-nova-europa\/\",\"name\":\"Landing Page - Itatiba - Gen-t Science\",\"isPartOf\":{\"@id\":\"https:\/\/gen-t.science\/#website\"},\"primaryImageOfPage\":{\"@id\":\"https:\/\/gen-t.science\/pt-br\/landing-page-ubs-nova-europa\/#primaryimage\"},\"image\":{\"@id\":\"https:\/\/gen-t.science\/pt-br\/landing-page-ubs-nova-europa\/#primaryimage\"},\"thumbnailUrl\":\"https:\/\/gen-t.science\/wp-content\/uploads\/2025\/06\/logo_gent_180x180_2x.png\",\"datePublished\":\"2025-10-02T12:56:29+00:00\",\"dateModified\":\"2026-01-28T16:56:24+00:00\",\"breadcrumb\":{\"@id\":\"https:\/\/gen-t.science\/pt-br\/landing-page-ubs-nova-europa\/#breadcrumb\"},\"inLanguage\":\"pt-BR\",\"potentialAction\":[{\"@type\":\"ReadAction\",\"target\":[\"https:\/\/gen-t.science\/pt-br\/landing-page-ubs-nova-europa\/\"]}]},{\"@type\":\"ImageObject\",\"inLanguage\":\"pt-BR\",\"@id\":\"https:\/\/gen-t.science\/pt-br\/landing-page-ubs-nova-europa\/#primaryimage\",\"url\":\"https:\/\/gen-t.science\/wp-content\/uploads\/2025\/06\/logo_gent_180x180_2x.png\",\"contentUrl\":\"https:\/\/gen-t.science\/wp-content\/uploads\/2025\/06\/logo_gent_180x180_2x.png\"},{\"@type\":\"BreadcrumbList\",\"@id\":\"https:\/\/gen-t.science\/pt-br\/landing-page-ubs-nova-europa\/#breadcrumb\",\"itemListElement\":[{\"@type\":\"ListItem\",\"position\":1,\"name\":\"Home\",\"item\":\"https:\/\/gen-t.science\/\"},{\"@type\":\"ListItem\",\"position\":2,\"name\":\"Landing Page &#8211; Itatiba\"}]},{\"@type\":\"WebSite\",\"@id\":\"https:\/\/gen-t.science\/#website\",\"url\":\"https:\/\/gen-t.science\/\",\"name\":\"Gen-t Science\",\"description\":\"\",\"potentialAction\":[{\"@type\":\"SearchAction\",\"target\":{\"@type\":\"EntryPoint\",\"urlTemplate\":\"https:\/\/gen-t.science\/?s={search_term_string}\"},\"query-input\":{\"@type\":\"PropertyValueSpecification\",\"valueRequired\":true,\"valueName\":\"search_term_string\"}}],\"inLanguage\":\"pt-BR\"}]}<\/script>\n<!-- \/ Yoast SEO plugin. -->","yoast_head_json":{"title":"Landing Page - Itatiba - Gen-t Science","robots":{"index":"index","follow":"follow","max-snippet":"max-snippet:-1","max-image-preview":"max-image-preview:large","max-video-preview":"max-video-preview:-1"},"canonical":"https:\/\/gen-t.science\/pt-br\/landing-page-ubs-nova-europa\/","og_locale":"pt_BR","og_type":"article","og_title":"Landing Page - Itatiba - Gen-t Science","og_description":"Participe do projeto gen-t Brasil em Itatiba Participe do projeto gen-t Brasil em Itatiba J\u00e1 s\u00e3o mais de 25 mil brasileiros participando Escolha sua unidade: Cl\u00ednica da Fam\u00edlia (Novos) Cl\u00ednica da Fam\u00edlia (Retornos) Ao participar, voc\u00ea recebe gratuitamente: Exames de Sangue Hemograma, colesterol, diabetes e mais Relat\u00f3rio Cardiovascular Saiba como est\u00e1 a sa\u00fade do seu [&hellip;]","og_url":"https:\/\/gen-t.science\/pt-br\/landing-page-ubs-nova-europa\/","og_site_name":"Gen-t Science","article_publisher":"https:\/\/www.facebook.com\/gentscience\/","article_modified_time":"2026-01-28T16:56:24+00:00","og_image":[{"url":"https:\/\/gen-t.science\/wp-content\/uploads\/2025\/06\/logo_gent_180x180_2x.png","type":"","width":"","height":""}],"twitter_card":"summary_large_image","schema":{"@context":"https:\/\/schema.org","@graph":[{"@type":"WebPage","@id":"https:\/\/gen-t.science\/pt-br\/landing-page-ubs-nova-europa\/","url":"https:\/\/gen-t.science\/pt-br\/landing-page-ubs-nova-europa\/","name":"Landing Page - Itatiba - Gen-t Science","isPartOf":{"@id":"https:\/\/gen-t.science\/#website"},"primaryImageOfPage":{"@id":"https:\/\/gen-t.science\/pt-br\/landing-page-ubs-nova-europa\/#primaryimage"},"image":{"@id":"https:\/\/gen-t.science\/pt-br\/landing-page-ubs-nova-europa\/#primaryimage"},"thumbnailUrl":"https:\/\/gen-t.science\/wp-content\/uploads\/2025\/06\/logo_gent_180x180_2x.png","datePublished":"2025-10-02T12:56:29+00:00","dateModified":"2026-01-28T16:56:24+00:00","breadcrumb":{"@id":"https:\/\/gen-t.science\/pt-br\/landing-page-ubs-nova-europa\/#breadcrumb"},"inLanguage":"pt-BR","potentialAction":[{"@type":"ReadAction","target":["https:\/\/gen-t.science\/pt-br\/landing-page-ubs-nova-europa\/"]}]},{"@type":"ImageObject","inLanguage":"pt-BR","@id":"https:\/\/gen-t.science\/pt-br\/landing-page-ubs-nova-europa\/#primaryimage","url":"https:\/\/gen-t.science\/wp-content\/uploads\/2025\/06\/logo_gent_180x180_2x.png","contentUrl":"https:\/\/gen-t.science\/wp-content\/uploads\/2025\/06\/logo_gent_180x180_2x.png"},{"@type":"BreadcrumbList","@id":"https:\/\/gen-t.science\/pt-br\/landing-page-ubs-nova-europa\/#breadcrumb","itemListElement":[{"@type":"ListItem","position":1,"name":"Home","item":"https:\/\/gen-t.science\/"},{"@type":"ListItem","position":2,"name":"Landing Page &#8211; Itatiba"}]},{"@type":"WebSite","@id":"https:\/\/gen-t.science\/#website","url":"https:\/\/gen-t.science\/","name":"Gen-t Science","description":"","potentialAction":[{"@type":"SearchAction","target":{"@type":"EntryPoint","urlTemplate":"https:\/\/gen-t.science\/?s={search_term_string}"},"query-input":{"@type":"PropertyValueSpecification","valueRequired":true,"valueName":"search_term_string"}}],"inLanguage":"pt-BR"}]}},"_links":{"self":[{"href":"https:\/\/gen-t.science\/pt-br\/wp-json\/wp\/v2\/pages\/836","targetHints":{"allow":["GET"]}}],"collection":[{"href":"https:\/\/gen-t.science\/pt-br\/wp-json\/wp\/v2\/pages"}],"about":[{"href":"https:\/\/gen-t.science\/pt-br\/wp-json\/wp\/v2\/types\/page"}],"author":[{"embeddable":true,"href":"https:\/\/gen-t.science\/pt-br\/wp-json\/wp\/v2\/users\/5"}],"replies":[{"embeddable":true,"href":"https:\/\/gen-t.science\/pt-br\/wp-json\/wp\/v2\/comments?post=836"}],"version-history":[{"count":66,"href":"https:\/\/gen-t.science\/pt-br\/wp-json\/wp\/v2\/pages\/836\/revisions"}],"predecessor-version":[{"id":1079,"href":"https:\/\/gen-t.science\/pt-br\/wp-json\/wp\/v2\/pages\/836\/revisions\/1079"}],"wp:attachment":[{"href":"https:\/\/gen-t.science\/pt-br\/wp-json\/wp\/v2\/media?parent=836"}],"curies":[{"name":"wp","href":"https:\/\/api.w.org\/{rel}","templated":true}]}}