{"id":809,"date":"2025-10-01T17:49:03","date_gmt":"2025-10-01T17:49:03","guid":{"rendered":"https:\/\/gen-t.science\/?page_id=809"},"modified":"2026-04-08T18:54:51","modified_gmt":"2026-04-08T18:54:51","slug":"convite-de-amigos-lading-page","status":"publish","type":"page","link":"https:\/\/gen-t.science\/pt-br\/convite-de-amigos-lading-page\/","title":{"rendered":"Convite de amigos &#8211; Landing page"},"content":{"rendered":"\n<!DOCTYPE html>\n<html lang=\"pt-BR\">\n<head>\n  <meta charset=\"UTF-8\" \/>\n  <meta name=\"viewport\" content=\"width=device-width, initial-scale=1.0\"\/>\n  <title>Projeto gen-t Brasil<\/title>\n  <meta name=\"description\" content=\"Agende sua consulta em Hortol\u00e2ndia no Projeto gen-t Brasil. Vagas dispon\u00edveis at\u00e9 10\/10 nas unidades M\u00e9dico para Todos e Jardim Amanda I.\" \/>\n\n  <!-- Tailwind CSS -->\n  <script src=\"https:\/\/cdn.tailwindcss.com\"><\/script>\n  <!-- Lucide Icons -->\n  <script src=\"https:\/\/unpkg.com\/lucide@latest\/dist\/umd\/lucide.js\"><\/script>\n  <!-- Fontes -->\n  <link href=\"https:\/\/fonts.googleapis.com\/css2?family=DM+Sans:wght@700&#038;family=Open+Sans&#038;display=swap\" rel=\"stylesheet\">\n\n  <style>\n    body {\n      font-family: 'Open Sans', sans-serif;\n    }\n    .font-dmsans {\n      font-family: 'DM Sans', sans-serif;\n    }\n    @keyframes fadeIn {\n      from { opacity: 0; transform: translateY(20px); }\n      to { opacity: 1; transform: translateY(0); }\n    }\n    .fade-in {\n      animation: fadeIn 0.6s ease-out;\n    }\n    .btn:hover {\n      background-color: #0066cc !important;\n      transform: scale(1.05);\n      transition: all 0.3s ease;\n    }\n  <\/style>\n<\/head>\n\n<body class=\"bg-white min-h-screen\">\n  <div class=\"py-6 px-4\">\n    <div class=\"max-w-md mx-auto\">\n\n      <!-- Header -->\n      <div class=\"text-center mb-6 fade-in\">\n        <h1 class=\"text-2xl font-bold text-gray-900 font-dmsans\">\n          Projeto gen-t do Brasil\n        <\/h1>\n        <p class=\"mt-2 text-base text-gray-700\">\n          Aproveite os \u00faltimos dias nas unidades <strong>M\u00e9dico para Todos e Jardim Amanda 1<\/strong>\n        <\/p>\n      <\/div>\n\n      <!-- Aviso -->\n      <div class=\"bg-yellow-100 border-l-4 border-yellow-500 text-black font-bold p-4 rounded-md mb-6 text-sm fade-in\">\n        Estaremos atendendo em <strong>Hortol\u00e2ndia<\/strong> nas unidades \n        <strong>M\u00e9dico para Todos<\/strong> e <strong>Jardim Amanda I<\/strong> <u>at\u00e9 o dia 10\/10<\/u>.\n        <br><br>\n        As vagas s\u00e3o <u>limitadas<\/u> e j\u00e1 est\u00e3o acabando.\n      <\/div>\n\n      <!-- Bot\u00f5es -->\n      <div class=\"city\">\n        <div class=\"city-title font-semibold mb-3 text-gray-800\">Escolha sua unidade:<\/div>\n        <div class=\"flex flex-wrap gap-3 justify-center\">\n\n          <a\n            class=\"btn flex justify-center items-center px-4 py-2 w-full sm:w-1\/2 text-center\"\n            href=\"\/medico-para-todos-retornos\"\n            style=\"background-color: #4fa3e4; font-size: 15px; color: white; font-weight: bold; border-radius: 8px; box-shadow: 0px 4px 8px rgba(0, 0, 0, 0.2); text-decoration: none;\"\n          >\n            M\u00e9dico para Todos <br> (Retornos)\n          <\/a>\n\n          <a\n            class=\"btn flex justify-center items-center px-4 py-2 w-full sm:w-1\/2 text-center\"\n            href=\"\/medico-para-todos-novos\"\n            style=\"background-color: #4fa3e4; font-size: 15px; color: white; font-weight: bold; border-radius: 8px; box-shadow: 0px 4px 8px rgba(0, 0, 0, 0.2); text-decoration: none;\"\n          >\n            M\u00e9dico para Todos <br> (Novos)\n          <\/a>\n\n          <a\n            class=\"btn flex justify-center items-center px-4 py-2 w-full sm:w-1\/2 text-center\"\n            href=\"\/unidade-basica-de-saude-jardim-amanda-1-hortolandia-sp-novos\/\"\n            style=\"background-color: #4fa3e4; font-size: 15px; color: white; font-weight: bold; border-radius: 8px; box-shadow: 0px 4px 8px rgba(0, 0, 0, 0.2); text-decoration: none;\"\n          >\n            Jardim Amanda I <br> (Novos)\n          <\/a>\n\n          <a\n            class=\"btn flex justify-center items-center px-4 py-2 w-full sm:w-1\/2 text-center\"\n            href=\"\/unidade-basica-de-saude-jardim-amanda-1-hortolandia-sp-retornos\/\"\n            style=\"background-color: #4fa3e4; font-size: 15px; color: white; font-weight: bold; border-radius: 8px; box-shadow: 0px 4px 8px rgba(0, 0, 0, 0.2); text-decoration: none;\"\n          >\n            Jardim Amanda I <br> (Retornos)\n          <\/a>\n\n        <\/div>\n      <\/div>\n\n      <hr class=\"my-6 border-gray-200\">\n\n      <!-- Benef\u00edcios -->\n      <div class=\"mb-10 fade-in\">\n        <h2 class=\"text-lg font-bold text-center text-gray-800 mb-4\">Ao participar, voc\u00ea recebe gratuitamente:<\/h2>\n        <div class=\"flex gap-4 overflow-x-auto pb-2 snap-x\">\n\n          <div class=\"flex-shrink-0 snap-center bg-white border border-[#579BFC] rounded-xl shadow-md w-64 p-4\">\n            <div class=\"flex justify-center mb-2\">\n              <div class=\"bg-[#8874DB] p-2 rounded-full\">\n                <i data-lucide=\"droplet\" class=\"text-white w-5 h-5\"><\/i>\n              <\/div>\n            <\/div>\n            <h3 class=\"text-center text-base font-semibold text-gray-800 font-dmsans\">Exames de Sangue<\/h3>\n            <p class=\"text-center text-sm text-gray-600 mb-1\">Hemograma, colesterol, diabetes e mais<\/p>\n          <\/div>\n\n          <div class=\"flex-shrink-0 snap-center bg-white border border-[#FF6363] rounded-xl shadow-md w-64 p-4\">\n            <div class=\"flex justify-center mb-2\">\n              <div class=\"bg-[#DC5490] p-2 rounded-full\">\n                <i data-lucide=\"file-heart\" class=\"text-white w-5 h-5\"><\/i>\n              <\/div>\n            <\/div>\n            <h3 class=\"text-center text-base font-semibold text-gray-800 font-dmsans\">Relat\u00f3rio Cardiovascular<\/h3>\n            <p class=\"text-center text-sm text-gray-600 mb-1\">Saiba como est\u00e1 a sa\u00fade do seu cora\u00e7\u00e3o<\/p>\n          <\/div>\n\n          <div class=\"flex-shrink-0 snap-center bg-white border border-[#925FE2] rounded-xl shadow-md w-64 p-4\">\n            <div class=\"flex justify-center mb-2\">\n              <div class=\"bg-[#73A4F2] p-2 rounded-full\">\n                <i data-lucide=\"earth\" class=\"text-white w-5 h-5\"><\/i>\n              <\/div>\n            <\/div>\n            <h3 class=\"text-center text-base font-semibold text-gray-800 font-dmsans\">Mapa de Ancestralidade<\/h3>\n            <p class=\"text-center text-sm text-gray-600 mb-1\">Descubra de quais continentes vieram seus ancestrais <strong>(3\u00ba ano de participa\u00e7\u00e3o)<\/strong><\/p>\n          <\/div>\n\n        <\/div>\n      <\/div>\n\n      <!-- Footer -->\n      <div class=\"text-center space-y-1 fade-in\">\n        <img decoding=\"async\" src=\"https:\/\/gen-t.science\/wp-content\/uploads\/2025\/06\/logo_gent_180x180_2x.png\" alt=\"Logo gen-t\" class=\"mx-auto h-20 w-auto\">\n        <p class=\"text-gray-500 text-sm\">Humanidade com ci\u00eancia<\/p>\n      <\/div>\n\n    <\/div>\n  <\/div>\n\n  <script>\n    lucide.createIcons();\n\n    const countdownEl = document.getElementById(\"countdown\");\n    const deadline = new Date(\"2025-10-10T23:59:59\").getTime();\n\n    function updateCountdown() {\n      const now = new Date().getTime();\n      const diff = deadline - now;\n\n      if (diff <= 0) {\n        if (countdownEl) countdownEl.innerHTML = \"encerrado!\";\n        return;\n      }\n\n      const days = Math.floor(diff \/ (1000 * 60 * 60 * 24));\n      const hours = Math.floor((diff % (1000 * 60 * 60 * 24)) \/ (1000 * 60 * 60));\n      const minutes = Math.floor((diff % (1000 * 60 * 60)) \/ (1000 * 60));\n\n      if (countdownEl) countdownEl.innerHTML = `${days}d ${hours}h ${minutes}m`;\n    }\n\n    setInterval(updateCountdown, 60000);\n    updateCountdown();\n  <\/script>\n\n  <!-- Script para persistir UTMs -->\n  <script>\n    const params = window.location.search;\n\n    if (params) {\n      document.querySelectorAll(\"a[href^='\/']\").forEach(link => {\n        link.href = link.href + params;\n      });\n    }\n  <\/script>\n\n<\/body>\n<\/html>\n\n\n\n<p><\/p>\n","protected":false},"excerpt":{"rendered":"<p>Projeto gen-t Brasil Projeto gen-t do Brasil Aproveite os \u00faltimos dias nas unidades M\u00e9dico para Todos e Jardim Amanda 1 Estaremos atendendo em Hortol\u00e2ndia nas unidades M\u00e9dico para Todos e Jardim Amanda I at\u00e9 o dia 10\/10. As vagas s\u00e3o limitadas e j\u00e1 est\u00e3o acabando. Escolha sua unidade: M\u00e9dico para Todos (Retornos) M\u00e9dico para Todos [&hellip;]<\/p>\n","protected":false},"author":5,"featured_media":0,"parent":0,"menu_order":0,"comment_status":"closed","ping_status":"closed","template":"elementor_canvas","meta":{"_acf_changed":false,"footnotes":""},"class_list":["post-809","page","type-page","status-publish","hentry"],"acf":[],"yoast_head":"<!-- This site is optimized with the Yoast SEO plugin v27.1.1 - https:\/\/yoast.com\/product\/yoast-seo-wordpress\/ -->\n<title>Convite de amigos - Landing page - Gen-t Science<\/title>\n<meta name=\"robots\" content=\"index, follow, max-snippet:-1, max-image-preview:large, max-video-preview:-1\" \/>\n<link rel=\"canonical\" href=\"https:\/\/gen-t.science\/pt-br\/convite-de-amigos-lading-page\/\" \/>\n<meta property=\"og:locale\" content=\"pt_BR\" \/>\n<meta property=\"og:type\" content=\"article\" \/>\n<meta property=\"og:title\" content=\"Convite de amigos - Landing page - Gen-t Science\" \/>\n<meta property=\"og:description\" content=\"Projeto gen-t Brasil Projeto gen-t do Brasil Aproveite os \u00faltimos dias nas unidades M\u00e9dico para Todos e Jardim Amanda 1 Estaremos atendendo em Hortol\u00e2ndia nas unidades M\u00e9dico para Todos e Jardim Amanda I at\u00e9 o dia 10\/10. As vagas s\u00e3o limitadas e j\u00e1 est\u00e3o acabando. Escolha sua unidade: M\u00e9dico para Todos (Retornos) M\u00e9dico para Todos [&hellip;]\" \/>\n<meta property=\"og:url\" content=\"https:\/\/gen-t.science\/pt-br\/convite-de-amigos-lading-page\/\" \/>\n<meta property=\"og:site_name\" content=\"Gen-t Science\" \/>\n<meta property=\"article:publisher\" content=\"https:\/\/www.facebook.com\/gentscience\/\" \/>\n<meta property=\"article:modified_time\" content=\"2026-04-08T18:54:51+00:00\" \/>\n<meta property=\"og:image\" content=\"https:\/\/gen-t.science\/wp-content\/uploads\/2025\/06\/logo_gent_180x180_2x.png\" \/>\n<meta name=\"twitter:card\" content=\"summary_large_image\" \/>\n<meta name=\"twitter:label1\" content=\"Est. tempo de leitura\" \/>\n\t<meta name=\"twitter:data1\" content=\"1 minuto\" \/>\n<script type=\"application\/ld+json\" class=\"yoast-schema-graph\">{\"@context\":\"https:\/\/schema.org\",\"@graph\":[{\"@type\":\"WebPage\",\"@id\":\"https:\/\/gen-t.science\/pt-br\/convite-de-amigos-lading-page\/\",\"url\":\"https:\/\/gen-t.science\/pt-br\/convite-de-amigos-lading-page\/\",\"name\":\"Convite de amigos - Landing page - Gen-t Science\",\"isPartOf\":{\"@id\":\"https:\/\/gen-t.science\/#website\"},\"primaryImageOfPage\":{\"@id\":\"https:\/\/gen-t.science\/pt-br\/convite-de-amigos-lading-page\/#primaryimage\"},\"image\":{\"@id\":\"https:\/\/gen-t.science\/pt-br\/convite-de-amigos-lading-page\/#primaryimage\"},\"thumbnailUrl\":\"https:\/\/gen-t.science\/wp-content\/uploads\/2025\/06\/logo_gent_180x180_2x.png\",\"datePublished\":\"2025-10-01T17:49:03+00:00\",\"dateModified\":\"2026-04-08T18:54:51+00:00\",\"breadcrumb\":{\"@id\":\"https:\/\/gen-t.science\/pt-br\/convite-de-amigos-lading-page\/#breadcrumb\"},\"inLanguage\":\"pt-BR\",\"potentialAction\":[{\"@type\":\"ReadAction\",\"target\":[\"https:\/\/gen-t.science\/pt-br\/convite-de-amigos-lading-page\/\"]}]},{\"@type\":\"ImageObject\",\"inLanguage\":\"pt-BR\",\"@id\":\"https:\/\/gen-t.science\/pt-br\/convite-de-amigos-lading-page\/#primaryimage\",\"url\":\"https:\/\/gen-t.science\/wp-content\/uploads\/2025\/06\/logo_gent_180x180_2x.png\",\"contentUrl\":\"https:\/\/gen-t.science\/wp-content\/uploads\/2025\/06\/logo_gent_180x180_2x.png\"},{\"@type\":\"BreadcrumbList\",\"@id\":\"https:\/\/gen-t.science\/pt-br\/convite-de-amigos-lading-page\/#breadcrumb\",\"itemListElement\":[{\"@type\":\"ListItem\",\"position\":1,\"name\":\"Home\",\"item\":\"https:\/\/gen-t.science\/\"},{\"@type\":\"ListItem\",\"position\":2,\"name\":\"Convite de amigos &#8211; Landing page\"}]},{\"@type\":\"WebSite\",\"@id\":\"https:\/\/gen-t.science\/#website\",\"url\":\"https:\/\/gen-t.science\/\",\"name\":\"Gen-t Science\",\"description\":\"\",\"potentialAction\":[{\"@type\":\"SearchAction\",\"target\":{\"@type\":\"EntryPoint\",\"urlTemplate\":\"https:\/\/gen-t.science\/?s={search_term_string}\"},\"query-input\":{\"@type\":\"PropertyValueSpecification\",\"valueRequired\":true,\"valueName\":\"search_term_string\"}}],\"inLanguage\":\"pt-BR\"}]}<\/script>\n<!-- \/ Yoast SEO plugin. -->","yoast_head_json":{"title":"Convite de amigos - Landing page - Gen-t Science","robots":{"index":"index","follow":"follow","max-snippet":"max-snippet:-1","max-image-preview":"max-image-preview:large","max-video-preview":"max-video-preview:-1"},"canonical":"https:\/\/gen-t.science\/pt-br\/convite-de-amigos-lading-page\/","og_locale":"pt_BR","og_type":"article","og_title":"Convite de amigos - Landing page - Gen-t Science","og_description":"Projeto gen-t Brasil Projeto gen-t do Brasil Aproveite os \u00faltimos dias nas unidades M\u00e9dico para Todos e Jardim Amanda 1 Estaremos atendendo em Hortol\u00e2ndia nas unidades M\u00e9dico para Todos e Jardim Amanda I at\u00e9 o dia 10\/10. As vagas s\u00e3o limitadas e j\u00e1 est\u00e3o acabando. Escolha sua unidade: M\u00e9dico para Todos (Retornos) M\u00e9dico para Todos [&hellip;]","og_url":"https:\/\/gen-t.science\/pt-br\/convite-de-amigos-lading-page\/","og_site_name":"Gen-t Science","article_publisher":"https:\/\/www.facebook.com\/gentscience\/","article_modified_time":"2026-04-08T18:54:51+00:00","og_image":[{"url":"https:\/\/gen-t.science\/wp-content\/uploads\/2025\/06\/logo_gent_180x180_2x.png","type":"","width":"","height":""}],"twitter_card":"summary_large_image","twitter_misc":{"Est. tempo de leitura":"1 minuto"},"schema":{"@context":"https:\/\/schema.org","@graph":[{"@type":"WebPage","@id":"https:\/\/gen-t.science\/pt-br\/convite-de-amigos-lading-page\/","url":"https:\/\/gen-t.science\/pt-br\/convite-de-amigos-lading-page\/","name":"Convite de amigos - Landing page - Gen-t Science","isPartOf":{"@id":"https:\/\/gen-t.science\/#website"},"primaryImageOfPage":{"@id":"https:\/\/gen-t.science\/pt-br\/convite-de-amigos-lading-page\/#primaryimage"},"image":{"@id":"https:\/\/gen-t.science\/pt-br\/convite-de-amigos-lading-page\/#primaryimage"},"thumbnailUrl":"https:\/\/gen-t.science\/wp-content\/uploads\/2025\/06\/logo_gent_180x180_2x.png","datePublished":"2025-10-01T17:49:03+00:00","dateModified":"2026-04-08T18:54:51+00:00","breadcrumb":{"@id":"https:\/\/gen-t.science\/pt-br\/convite-de-amigos-lading-page\/#breadcrumb"},"inLanguage":"pt-BR","potentialAction":[{"@type":"ReadAction","target":["https:\/\/gen-t.science\/pt-br\/convite-de-amigos-lading-page\/"]}]},{"@type":"ImageObject","inLanguage":"pt-BR","@id":"https:\/\/gen-t.science\/pt-br\/convite-de-amigos-lading-page\/#primaryimage","url":"https:\/\/gen-t.science\/wp-content\/uploads\/2025\/06\/logo_gent_180x180_2x.png","contentUrl":"https:\/\/gen-t.science\/wp-content\/uploads\/2025\/06\/logo_gent_180x180_2x.png"},{"@type":"BreadcrumbList","@id":"https:\/\/gen-t.science\/pt-br\/convite-de-amigos-lading-page\/#breadcrumb","itemListElement":[{"@type":"ListItem","position":1,"name":"Home","item":"https:\/\/gen-t.science\/"},{"@type":"ListItem","position":2,"name":"Convite de amigos &#8211; Landing page"}]},{"@type":"WebSite","@id":"https:\/\/gen-t.science\/#website","url":"https:\/\/gen-t.science\/","name":"Gen-t Science","description":"","potentialAction":[{"@type":"SearchAction","target":{"@type":"EntryPoint","urlTemplate":"https:\/\/gen-t.science\/?s={search_term_string}"},"query-input":{"@type":"PropertyValueSpecification","valueRequired":true,"valueName":"search_term_string"}}],"inLanguage":"pt-BR"}]}},"_links":{"self":[{"href":"https:\/\/gen-t.science\/pt-br\/wp-json\/wp\/v2\/pages\/809","targetHints":{"allow":["GET"]}}],"collection":[{"href":"https:\/\/gen-t.science\/pt-br\/wp-json\/wp\/v2\/pages"}],"about":[{"href":"https:\/\/gen-t.science\/pt-br\/wp-json\/wp\/v2\/types\/page"}],"author":[{"embeddable":true,"href":"https:\/\/gen-t.science\/pt-br\/wp-json\/wp\/v2\/users\/5"}],"replies":[{"embeddable":true,"href":"https:\/\/gen-t.science\/pt-br\/wp-json\/wp\/v2\/comments?post=809"}],"version-history":[{"count":19,"href":"https:\/\/gen-t.science\/pt-br\/wp-json\/wp\/v2\/pages\/809\/revisions"}],"predecessor-version":[{"id":1210,"href":"https:\/\/gen-t.science\/pt-br\/wp-json\/wp\/v2\/pages\/809\/revisions\/1210"}],"wp:attachment":[{"href":"https:\/\/gen-t.science\/pt-br\/wp-json\/wp\/v2\/media?parent=809"}],"curies":[{"name":"wp","href":"https:\/\/api.w.org\/{rel}","templated":true}]}}