{"id":739,"date":"2025-09-04T19:11:44","date_gmt":"2025-09-04T19:11:44","guid":{"rendered":"https:\/\/gen-t.science\/?page_id=739"},"modified":"2025-11-25T20:07:49","modified_gmt":"2025-11-25T20:07:49","slug":"santa-izabel-agd","status":"publish","type":"page","link":"https:\/\/gen-t.science\/pt-br\/santa-izabel-agd\/","title":{"rendered":"Forms interesse &#8211; Santa Izabel"},"content":{"rendered":"\n<div class=\"box-area-interesse mb-5\">\n\n<div class=\"container-text mb-3\">\n  <h3 class=\"mb-3\">\n    Nossa agenda lotou! Mas voc\u00ea ser\u00e1 chamado em breve!\n  <\/h3>\n  <p>\n    <strong> Preencha o formul\u00e1rio <\/strong> abaixo que vamos entrar em contato assim que novos hor\u00e1rios forem abertos.  \n    <br \/><br \/>\n    Logo mais voc\u00ea tamb\u00e9m ser\u00e1 <strong>gen-t do Brasil<\/strong>!\n  <\/p>\n<\/div>\n\n\n\n  <div class=\"container-form\">\n    <form id=\"formLocation\" action=\"javascript:void(0)\">\n      <div class=\"form-floating mb-3\">\n        <input\n          type=\"email\"\n          class=\"form-control\"\n          id=\"email\"\n          placeholder=\"seuemail@email.com\"\n          value=\"\"\n          name=\"email\"\n          required\n        \/>\n        <label for=\"email\">E-mail<\/label>\n        <div class=\"hint\">\n          <div class=\"icon ic-info\"><\/div>\n          <div class=\"text\">Insira o e-mail que voc\u00ea mais usa<\/div>\n        <\/div>\n      <\/div>\n      <div class=\"form-floating mb-4\">\n        <input\n          type=\"tel\"\n          class=\"form-control\"\n          id=\"phone\"\n          placeholder=\"(00) 00000-0000\"\n          value=\"\"\n          name=\"phone\"\n          maxlength=\"15\"\n          onkeyup=\"handlePhone(event)\"\n        \/>\n        <label for=\"phone\">Telefone celular<\/label>\n      <\/div>\n      <div class=\"form-floating mb-4\">\n        <select\n          id=\"state-select\"\n          name=\"estado\"\n          class=\"form-select\"\n          required\n        >\n          <option disabled selected>Selecione o seu estado<\/option>\n        <\/select>\n        <label for=\"state-select\">Seu estado<\/label>\n      <\/div>\n      <div class=\"form-floating mb-3\">\n        <select id=\"city-select\" name=\"cidade\" class=\"form-select\">\n          <option disabled selected>Selecione sua cidade<\/option>\n        <\/select>\n        <label for=\"city-select\">Sua cidade<\/label>\n      <\/div>\n      <div class=\"d-grid gap-2\">\n        <button type=\"submit\" class=\"btn btn-lg btn-primary\">\n          <span\n            class=\"spinner-border spinner-border-sm text-white d-none\"\n            role=\"status\"\n            aria-hidden=\"true\"\n          ><\/span>\n          <span class=\"text-white\">Enviar<\/span>\n        <\/button>\n      <\/div>\n    <\/form>\n    <div id=\"feedback-location\">\n      <div class=\"bg-email-sent mb-4\">\n        <img decoding=\"async\" src=\"https:\/\/gen-t.science\/wp-content\/uploads\/2023\/03\/feedback-email-sent.png\" alt=\"\" \/>\n      <\/div>\n      <h3 class=\"mb-2\">Agradecemos seu interesse!<\/h3>\n      <p>\n        Assim que a agenda for aberta, entraremos em contato atrav\u00e9s do e-mail que nos informou.\n      <\/p>\n    <\/div>\n  <\/div>\n<\/div>\n\n\n\n<p><\/p>\n","protected":false},"excerpt":{"rendered":"<p>Nossa agenda lotou! Mas voc\u00ea ser\u00e1 chamado em breve! Preencha o formul\u00e1rio abaixo que vamos entrar em contato assim que novos hor\u00e1rios forem abertos. Logo mais voc\u00ea tamb\u00e9m ser\u00e1 gen-t do Brasil! E-mail Insira o e-mail que voc\u00ea mais usa Telefone celular Selecione o seu estado Seu estado Selecione sua cidade Sua cidade Enviar Agradecemos [&hellip;]<\/p>\n","protected":false},"author":5,"featured_media":0,"parent":0,"menu_order":0,"comment_status":"closed","ping_status":"closed","template":"elementor_canvas","meta":{"_acf_changed":false,"footnotes":""},"class_list":["post-739","page","type-page","status-publish","hentry"],"acf":[],"yoast_head":"<!-- This site is optimized with the Yoast SEO plugin v27.1.1 - https:\/\/yoast.com\/product\/yoast-seo-wordpress\/ -->\n<title>Forms interesse - Santa Izabel - Gen-t Science<\/title>\n<meta name=\"robots\" content=\"index, follow, max-snippet:-1, max-image-preview:large, max-video-preview:-1\" \/>\n<link rel=\"canonical\" href=\"https:\/\/gen-t.science\/pt-br\/santa-izabel-agd\/\" \/>\n<meta property=\"og:locale\" content=\"pt_BR\" \/>\n<meta property=\"og:type\" content=\"article\" \/>\n<meta property=\"og:title\" content=\"Forms interesse - Santa Izabel - Gen-t Science\" \/>\n<meta property=\"og:description\" content=\"Nossa agenda lotou! Mas voc\u00ea ser\u00e1 chamado em breve! Preencha o formul\u00e1rio abaixo que vamos entrar em contato assim que novos hor\u00e1rios forem abertos. Logo mais voc\u00ea tamb\u00e9m ser\u00e1 gen-t do Brasil! E-mail Insira o e-mail que voc\u00ea mais usa Telefone celular Selecione o seu estado Seu estado Selecione sua cidade Sua cidade Enviar Agradecemos [&hellip;]\" \/>\n<meta property=\"og:url\" content=\"https:\/\/gen-t.science\/pt-br\/santa-izabel-agd\/\" \/>\n<meta property=\"og:site_name\" content=\"Gen-t Science\" \/>\n<meta property=\"article:publisher\" content=\"https:\/\/www.facebook.com\/gentscience\/\" \/>\n<meta property=\"article:modified_time\" content=\"2025-11-25T20:07:49+00:00\" \/>\n<meta property=\"og:image\" content=\"https:\/\/gen-t.science\/wp-content\/uploads\/2023\/03\/feedback-email-sent.png\" \/>\n<meta name=\"twitter:card\" content=\"summary_large_image\" \/>\n<script type=\"application\/ld+json\" class=\"yoast-schema-graph\">{\"@context\":\"https:\/\/schema.org\",\"@graph\":[{\"@type\":\"WebPage\",\"@id\":\"https:\/\/gen-t.science\/pt-br\/santa-izabel-agd\/\",\"url\":\"https:\/\/gen-t.science\/pt-br\/santa-izabel-agd\/\",\"name\":\"Forms interesse - Santa Izabel - Gen-t Science\",\"isPartOf\":{\"@id\":\"https:\/\/gen-t.science\/#website\"},\"primaryImageOfPage\":{\"@id\":\"https:\/\/gen-t.science\/pt-br\/santa-izabel-agd\/#primaryimage\"},\"image\":{\"@id\":\"https:\/\/gen-t.science\/pt-br\/santa-izabel-agd\/#primaryimage\"},\"thumbnailUrl\":\"https:\/\/gen-t.science\/wp-content\/uploads\/2023\/03\/feedback-email-sent.png\",\"datePublished\":\"2025-09-04T19:11:44+00:00\",\"dateModified\":\"2025-11-25T20:07:49+00:00\",\"breadcrumb\":{\"@id\":\"https:\/\/gen-t.science\/pt-br\/santa-izabel-agd\/#breadcrumb\"},\"inLanguage\":\"pt-BR\",\"potentialAction\":[{\"@type\":\"ReadAction\",\"target\":[\"https:\/\/gen-t.science\/pt-br\/santa-izabel-agd\/\"]}]},{\"@type\":\"ImageObject\",\"inLanguage\":\"pt-BR\",\"@id\":\"https:\/\/gen-t.science\/pt-br\/santa-izabel-agd\/#primaryimage\",\"url\":\"https:\/\/gen-t.science\/wp-content\/uploads\/2023\/03\/feedback-email-sent.png\",\"contentUrl\":\"https:\/\/gen-t.science\/wp-content\/uploads\/2023\/03\/feedback-email-sent.png\"},{\"@type\":\"BreadcrumbList\",\"@id\":\"https:\/\/gen-t.science\/pt-br\/santa-izabel-agd\/#breadcrumb\",\"itemListElement\":[{\"@type\":\"ListItem\",\"position\":1,\"name\":\"Home\",\"item\":\"https:\/\/gen-t.science\/\"},{\"@type\":\"ListItem\",\"position\":2,\"name\":\"Forms interesse &#8211; Santa Izabel\"}]},{\"@type\":\"WebSite\",\"@id\":\"https:\/\/gen-t.science\/#website\",\"url\":\"https:\/\/gen-t.science\/\",\"name\":\"Gen-t Science\",\"description\":\"\",\"potentialAction\":[{\"@type\":\"SearchAction\",\"target\":{\"@type\":\"EntryPoint\",\"urlTemplate\":\"https:\/\/gen-t.science\/?s={search_term_string}\"},\"query-input\":{\"@type\":\"PropertyValueSpecification\",\"valueRequired\":true,\"valueName\":\"search_term_string\"}}],\"inLanguage\":\"pt-BR\"}]}<\/script>\n<!-- \/ Yoast SEO plugin. -->","yoast_head_json":{"title":"Forms interesse - Santa Izabel - Gen-t Science","robots":{"index":"index","follow":"follow","max-snippet":"max-snippet:-1","max-image-preview":"max-image-preview:large","max-video-preview":"max-video-preview:-1"},"canonical":"https:\/\/gen-t.science\/pt-br\/santa-izabel-agd\/","og_locale":"pt_BR","og_type":"article","og_title":"Forms interesse - Santa Izabel - Gen-t Science","og_description":"Nossa agenda lotou! Mas voc\u00ea ser\u00e1 chamado em breve! Preencha o formul\u00e1rio abaixo que vamos entrar em contato assim que novos hor\u00e1rios forem abertos. Logo mais voc\u00ea tamb\u00e9m ser\u00e1 gen-t do Brasil! E-mail Insira o e-mail que voc\u00ea mais usa Telefone celular Selecione o seu estado Seu estado Selecione sua cidade Sua cidade Enviar Agradecemos [&hellip;]","og_url":"https:\/\/gen-t.science\/pt-br\/santa-izabel-agd\/","og_site_name":"Gen-t Science","article_publisher":"https:\/\/www.facebook.com\/gentscience\/","article_modified_time":"2025-11-25T20:07:49+00:00","og_image":[{"url":"https:\/\/gen-t.science\/wp-content\/uploads\/2023\/03\/feedback-email-sent.png","type":"","width":"","height":""}],"twitter_card":"summary_large_image","schema":{"@context":"https:\/\/schema.org","@graph":[{"@type":"WebPage","@id":"https:\/\/gen-t.science\/pt-br\/santa-izabel-agd\/","url":"https:\/\/gen-t.science\/pt-br\/santa-izabel-agd\/","name":"Forms interesse - Santa Izabel - Gen-t Science","isPartOf":{"@id":"https:\/\/gen-t.science\/#website"},"primaryImageOfPage":{"@id":"https:\/\/gen-t.science\/pt-br\/santa-izabel-agd\/#primaryimage"},"image":{"@id":"https:\/\/gen-t.science\/pt-br\/santa-izabel-agd\/#primaryimage"},"thumbnailUrl":"https:\/\/gen-t.science\/wp-content\/uploads\/2023\/03\/feedback-email-sent.png","datePublished":"2025-09-04T19:11:44+00:00","dateModified":"2025-11-25T20:07:49+00:00","breadcrumb":{"@id":"https:\/\/gen-t.science\/pt-br\/santa-izabel-agd\/#breadcrumb"},"inLanguage":"pt-BR","potentialAction":[{"@type":"ReadAction","target":["https:\/\/gen-t.science\/pt-br\/santa-izabel-agd\/"]}]},{"@type":"ImageObject","inLanguage":"pt-BR","@id":"https:\/\/gen-t.science\/pt-br\/santa-izabel-agd\/#primaryimage","url":"https:\/\/gen-t.science\/wp-content\/uploads\/2023\/03\/feedback-email-sent.png","contentUrl":"https:\/\/gen-t.science\/wp-content\/uploads\/2023\/03\/feedback-email-sent.png"},{"@type":"BreadcrumbList","@id":"https:\/\/gen-t.science\/pt-br\/santa-izabel-agd\/#breadcrumb","itemListElement":[{"@type":"ListItem","position":1,"name":"Home","item":"https:\/\/gen-t.science\/"},{"@type":"ListItem","position":2,"name":"Forms interesse &#8211; Santa Izabel"}]},{"@type":"WebSite","@id":"https:\/\/gen-t.science\/#website","url":"https:\/\/gen-t.science\/","name":"Gen-t Science","description":"","potentialAction":[{"@type":"SearchAction","target":{"@type":"EntryPoint","urlTemplate":"https:\/\/gen-t.science\/?s={search_term_string}"},"query-input":{"@type":"PropertyValueSpecification","valueRequired":true,"valueName":"search_term_string"}}],"inLanguage":"pt-BR"}]}},"_links":{"self":[{"href":"https:\/\/gen-t.science\/pt-br\/wp-json\/wp\/v2\/pages\/739","targetHints":{"allow":["GET"]}}],"collection":[{"href":"https:\/\/gen-t.science\/pt-br\/wp-json\/wp\/v2\/pages"}],"about":[{"href":"https:\/\/gen-t.science\/pt-br\/wp-json\/wp\/v2\/types\/page"}],"author":[{"embeddable":true,"href":"https:\/\/gen-t.science\/pt-br\/wp-json\/wp\/v2\/users\/5"}],"replies":[{"embeddable":true,"href":"https:\/\/gen-t.science\/pt-br\/wp-json\/wp\/v2\/comments?post=739"}],"version-history":[{"count":22,"href":"https:\/\/gen-t.science\/pt-br\/wp-json\/wp\/v2\/pages\/739\/revisions"}],"predecessor-version":[{"id":1025,"href":"https:\/\/gen-t.science\/pt-br\/wp-json\/wp\/v2\/pages\/739\/revisions\/1025"}],"wp:attachment":[{"href":"https:\/\/gen-t.science\/pt-br\/wp-json\/wp\/v2\/media?parent=739"}],"curies":[{"name":"wp","href":"https:\/\/api.w.org\/{rel}","templated":true}]}}