{"id":499,"date":"2025-06-27T00:24:42","date_gmt":"2025-06-27T00:24:42","guid":{"rendered":"https:\/\/gen-t.science\/?page_id=499"},"modified":"2026-01-21T20:02:25","modified_gmt":"2026-01-21T20:02:25","slug":"convite-de-amigos","status":"publish","type":"page","link":"https:\/\/gen-t.science\/pt-br\/convite-de-amigos\/","title":{"rendered":"Convite de amigos"},"content":{"rendered":"\n<!DOCTYPE html>\n<html lang=\"pt-BR\">\n<head>\n  <meta charset=\"UTF-8\" \/>\n  <meta name=\"viewport\" content=\"width=device-width, initial-scale=1.0\"\/>\n  <title>Compartilhe &#8211; Projeto gen-t Brasil<\/title>\n  <meta name=\"description\" content=\"Convide amigos e familiares para o Projeto gen-t Brasil e ajude a espalhar sa\u00fade pelo pa\u00eds!\" \/>\n\n  <!-- Tailwind CSS -->\n  <script src=\"https:\/\/cdn.tailwindcss.com\"><\/script>\n  <!-- Lucide Icons -->\n  <script src=\"https:\/\/unpkg.com\/lucide@latest\/dist\/umd\/lucide.js\"><\/script>\n  <!-- Fontes -->\n  <link href=\"https:\/\/fonts.googleapis.com\/css2?family=DM+Sans:wght@700&#038;family=Open+Sans&#038;display=swap\" rel=\"stylesheet\">\n\n  <!-- Google tag (gtag.js) -->\n  <script async src=\"https:\/\/www.googletagmanager.com\/gtag\/js?id=G-305388718\"><\/script>\n  <script>\n    window.dataLayer = window.dataLayer || [];\n    function gtag(){dataLayer.push(arguments);}\n    gtag('js', new Date());\n    gtag('config', 'G-HL7CMEK9XN');\n  <\/script>\n\n  <style>\n    body {\n      font-family: 'Open Sans', sans-serif;\n    }\n    .font-dmsans {\n      font-family: 'DM Sans', sans-serif;\n    }\n    @keyframes fadeIn {\n      from { opacity: 0; transform: translateY(20px); }\n      to { opacity: 1; transform: translateY(0); }\n    }\n    .fade-in {\n      animation: fadeIn 0.6s ease-out;\n    }\n    .hover-scale {\n      transition: transform 0.3s ease;\n    }\n    .hover-scale:hover {\n      transform: scale(1.05);\n    }\n    .whatsapp-green {\n      background-color: #2CA264;\n    }\n    .whatsapp-green:hover {\n      background-color: #259557;\n    }\n  <\/style>\n<\/head>\n<body class=\"bg-white min-h-screen\">\n  <div class=\"py-6 px-4\">\n    <div class=\"max-w-md mx-auto\">\n\n      <!-- Header -->\n      <div class=\"text-center mb-6 fade-in\">\n        <h1 class=\"text-xl font-bold text-gray-900 font-dmsans\">\n          Convide amigos e amplie seu impacto na sa\u00fade do Brasil!\n        <\/h1>\n        <p class=\"mt-2 text-sm text-gray-700\">\n          Voc\u00ea j\u00e1 est\u00e1 ajudando a melhorar a medicina brasileira.<br>\n          Convide amigos e familiares para cuidarem da sua sa\u00fade!\n        <\/p>\n      <\/div>\n\n      <!-- CTA Button -->\n      <div class=\"text-center mb-6 fade-in\">\n        <button \n          id=\"inviteButton\"\n          class=\"whatsapp-green text-white px-4 py-2 text-sm rounded-md shadow-md hover:shadow-lg transition-all duration-300 hover-scale w-full\"\n        >\n          Compartilhar convite!\n        <\/button>\n      <\/div>\n\n      <hr class=\"my-6 border-gray-200\">\n\n      <!-- Info Box -->\n      <div class=\"text-sm text-gray-700 mb-4 text-center\">\n        Mais de <span class=\"font-bold\">25 mil<\/span> brasileiros est\u00e3o<br>participando e recebendo gratuitamente:\n      <\/div>\n\n      <!-- Benefits Section -->\n      <div class=\"mb-10 fade-in\">\n        <div class=\"flex gap-4 overflow-x-auto pb-2 snap-x\">\n\n          <!-- Card 1 -->\n          <div class=\"flex-shrink-0 snap-center bg-white border border-[#579BFC] rounded-xl shadow-md w-64 p-4\">\n            <div class=\"flex justify-center mb-2\">\n              <div class=\"bg-[#8874DB] p-2 rounded-full\">\n                <i data-lucide=\"droplet\" class=\"text-white w-5 h-5\"><\/i>\n              <\/div>\n            <\/div>\n            <h3 class=\"text-center text-base font-semibold text-gray-800 font-dmsans\">Exames de Sangue<\/h3>\n            <p class=\"text-center text-sm text-gray-600 mb-1\">Hemograma, colesterol, diabetes e mais<\/p>\n          <\/div>\n\n          <!-- Card 2 -->\n          <div class=\"flex-shrink-0 snap-center bg-white border border-[#FF6363] rounded-xl shadow-md w-64 p-4\">\n            <div class=\"flex justify-center mb-2\">\n              <div class=\"bg-[#DC5490] p-2 rounded-full\">\n                <i data-lucide=\"file-heart\" class=\"text-white w-5 h-5\"><\/i>\n              <\/div>\n            <\/div>\n            <h3 class=\"text-center text-base font-semibold text-gray-800 font-dmsans\">Relat\u00f3rio Cardiovascular<\/h3>\n            <p class=\"text-center text-sm text-gray-600 mb-1\">Relat\u00f3rio de sa\u00fade do seu cora\u00e7\u00e3o<\/p>\n          <\/div>\n\n          <!-- Card 3 -->\n          <div class=\"flex-shrink-0 snap-center bg-white border border-[#925FE2] rounded-xl shadow-md w-64 p-4\">\n            <div class=\"flex justify-center mb-2\">\n              <div class=\"bg-[#73A4F2] p-2 rounded-full\">\n                <i data-lucide=\"earth\" class=\"text-white w-5 h-5\"><\/i>\n              <\/div>\n            <\/div>\n            <h3 class=\"text-center text-base font-semibold text-gray-800 font-dmsans\">Mapa de Ancestralidade<\/h3>\n            <p class=\"text-center text-sm text-gray-600 mb-1\">Descubra de quais continentes vieram seus ancestrais <strong> (3\u00ba ano de participa\u00e7\u00e3o) <strong><\/p>\n          <\/div>\n        <\/div>\n      <\/div>\n\n      <!-- Footer -->\n      <div class=\"text-center space-y-1 fade-in\">\n        <img decoding=\"async\" src=\"https:\/\/gen-t.science\/wp-content\/uploads\/2025\/06\/logo_gent_180x180_2x.png\" alt=\"Logo gen-t\" class=\"mx-auto h-20 w-auto\">\n        <p class=\"text-gray-500 text-sm\">\n          Humanidade com ci\u00eancia\n        <\/p>\n      <\/div>\n    <\/div>\n  <\/div>\n\n  <script>\n    lucide.createIcons();\n\n    function getUTMParam(param) {\n      const urlParams = new URLSearchParams(window.location.search);\n      return urlParams.get(param) || 'nao_definido';\n    }\n\n    document.getElementById('inviteButton').addEventListener('click', function () {\n      const utmSource = getUTMParam('utm_source');\n      const utmCampaign = getUTMParam('utm_campaign');\n\n      const whatsappLink = 'https:\/\/wa.me\/?text=Estou+participando+do+projeto+gen-t+do+Brasil+e+tem+sido+uma+%C3%B3tima+experi%C3%AAncia.+Resolvi+compartilhar+com+voc%C3%AA%21%0A%0AAo+participar%2C+voc%C3%AA+cuida+da+sua+sa%C3%BAde+e+contribui+para+o+avan%C3%A7o+da+medicina+no+Brasil%21+%F0%9F%91%A9%E2%80%8D%E2%9A%95%EF%B8%8F%F0%9F%A7%AC%0A%0AVoc%C3%AA+recebe+tudo+isso%2C+e+muito+mais%2C+gratuitamente%3A%0A%E2%9C%85+Exames+de+sangue++%0A%E2%9C%85+Avalia%C3%A7%C3%A3o+de+risco+cardiovascular++%0A%E2%9C%85+Descoberta+da+sua+ancestralidade++%0A%0A%F0%9F%91%89+Participe+em%3A+https%3A%2F%2Ftinyurl.com%2Fgen-t-agendamento&utm_source=ecrf_convite&utm_medium=ecrf';\n\n\n      if (window.gtag) {\n        gtag('event', 'click', {\n          event_category: 'convite',\n          event_label: `botao_convite_${utmSource}_${utmCampaign}`,\n        });\n      }\n\n      window.open(whatsappLink, '_blank');\n    });\n  <\/script>\n<\/body>\n<\/html>\n\n\n\n<p><\/p>\n","protected":false},"excerpt":{"rendered":"<p>Compartilhe &#8211; Projeto gen-t Brasil Convide amigos e amplie seu impacto na sa\u00fade do Brasil! Voc\u00ea j\u00e1 est\u00e1 ajudando a melhorar a medicina brasileira. Convide amigos e familiares para cuidarem da sua sa\u00fade! Compartilhar convite! Mais de 25 mil brasileiros est\u00e3oparticipando e recebendo gratuitamente: Exames de Sangue Hemograma, colesterol, diabetes e mais Relat\u00f3rio Cardiovascular Relat\u00f3rio [&hellip;]<\/p>\n","protected":false},"author":5,"featured_media":0,"parent":0,"menu_order":0,"comment_status":"closed","ping_status":"closed","template":"elementor_canvas","meta":{"_acf_changed":false,"footnotes":""},"class_list":["post-499","page","type-page","status-publish","hentry"],"acf":[],"yoast_head":"<!-- This site is optimized with the Yoast SEO plugin v27.1.1 - https:\/\/yoast.com\/product\/yoast-seo-wordpress\/ -->\n<title>Convite de amigos - Gen-t Science<\/title>\n<meta name=\"robots\" content=\"index, follow, max-snippet:-1, max-image-preview:large, max-video-preview:-1\" \/>\n<link rel=\"canonical\" href=\"https:\/\/gen-t.science\/pt-br\/convite-de-amigos\/\" \/>\n<meta property=\"og:locale\" content=\"pt_BR\" \/>\n<meta property=\"og:type\" content=\"article\" \/>\n<meta property=\"og:title\" content=\"Convite de amigos - Gen-t Science\" \/>\n<meta property=\"og:description\" content=\"Compartilhe &#8211; Projeto gen-t Brasil Convide amigos e amplie seu impacto na sa\u00fade do Brasil! Voc\u00ea j\u00e1 est\u00e1 ajudando a melhorar a medicina brasileira. Convide amigos e familiares para cuidarem da sua sa\u00fade! Compartilhar convite! Mais de 25 mil brasileiros est\u00e3oparticipando e recebendo gratuitamente: Exames de Sangue Hemograma, colesterol, diabetes e mais Relat\u00f3rio Cardiovascular Relat\u00f3rio [&hellip;]\" \/>\n<meta property=\"og:url\" content=\"https:\/\/gen-t.science\/pt-br\/convite-de-amigos\/\" \/>\n<meta property=\"og:site_name\" content=\"Gen-t Science\" \/>\n<meta property=\"article:publisher\" content=\"https:\/\/www.facebook.com\/gentscience\/\" \/>\n<meta property=\"article:modified_time\" content=\"2026-01-21T20:02:25+00:00\" \/>\n<meta property=\"og:image\" content=\"https:\/\/gen-t.science\/wp-content\/uploads\/2025\/06\/logo_gent_180x180_2x.png\" \/>\n<meta name=\"twitter:card\" content=\"summary_large_image\" \/>\n<script type=\"application\/ld+json\" class=\"yoast-schema-graph\">{\"@context\":\"https:\/\/schema.org\",\"@graph\":[{\"@type\":\"WebPage\",\"@id\":\"https:\/\/gen-t.science\/pt-br\/convite-de-amigos\/\",\"url\":\"https:\/\/gen-t.science\/pt-br\/convite-de-amigos\/\",\"name\":\"Convite de amigos - Gen-t Science\",\"isPartOf\":{\"@id\":\"https:\/\/gen-t.science\/#website\"},\"primaryImageOfPage\":{\"@id\":\"https:\/\/gen-t.science\/pt-br\/convite-de-amigos\/#primaryimage\"},\"image\":{\"@id\":\"https:\/\/gen-t.science\/pt-br\/convite-de-amigos\/#primaryimage\"},\"thumbnailUrl\":\"https:\/\/gen-t.science\/wp-content\/uploads\/2025\/06\/logo_gent_180x180_2x.png\",\"datePublished\":\"2025-06-27T00:24:42+00:00\",\"dateModified\":\"2026-01-21T20:02:25+00:00\",\"breadcrumb\":{\"@id\":\"https:\/\/gen-t.science\/pt-br\/convite-de-amigos\/#breadcrumb\"},\"inLanguage\":\"pt-BR\",\"potentialAction\":[{\"@type\":\"ReadAction\",\"target\":[\"https:\/\/gen-t.science\/pt-br\/convite-de-amigos\/\"]}]},{\"@type\":\"ImageObject\",\"inLanguage\":\"pt-BR\",\"@id\":\"https:\/\/gen-t.science\/pt-br\/convite-de-amigos\/#primaryimage\",\"url\":\"https:\/\/gen-t.science\/wp-content\/uploads\/2025\/06\/logo_gent_180x180_2x.png\",\"contentUrl\":\"https:\/\/gen-t.science\/wp-content\/uploads\/2025\/06\/logo_gent_180x180_2x.png\"},{\"@type\":\"BreadcrumbList\",\"@id\":\"https:\/\/gen-t.science\/pt-br\/convite-de-amigos\/#breadcrumb\",\"itemListElement\":[{\"@type\":\"ListItem\",\"position\":1,\"name\":\"Home\",\"item\":\"https:\/\/gen-t.science\/\"},{\"@type\":\"ListItem\",\"position\":2,\"name\":\"Convite de amigos\"}]},{\"@type\":\"WebSite\",\"@id\":\"https:\/\/gen-t.science\/#website\",\"url\":\"https:\/\/gen-t.science\/\",\"name\":\"Gen-t Science\",\"description\":\"\",\"potentialAction\":[{\"@type\":\"SearchAction\",\"target\":{\"@type\":\"EntryPoint\",\"urlTemplate\":\"https:\/\/gen-t.science\/?s={search_term_string}\"},\"query-input\":{\"@type\":\"PropertyValueSpecification\",\"valueRequired\":true,\"valueName\":\"search_term_string\"}}],\"inLanguage\":\"pt-BR\"}]}<\/script>\n<!-- \/ Yoast SEO plugin. -->","yoast_head_json":{"title":"Convite de amigos - Gen-t Science","robots":{"index":"index","follow":"follow","max-snippet":"max-snippet:-1","max-image-preview":"max-image-preview:large","max-video-preview":"max-video-preview:-1"},"canonical":"https:\/\/gen-t.science\/pt-br\/convite-de-amigos\/","og_locale":"pt_BR","og_type":"article","og_title":"Convite de amigos - Gen-t Science","og_description":"Compartilhe &#8211; Projeto gen-t Brasil Convide amigos e amplie seu impacto na sa\u00fade do Brasil! Voc\u00ea j\u00e1 est\u00e1 ajudando a melhorar a medicina brasileira. Convide amigos e familiares para cuidarem da sua sa\u00fade! Compartilhar convite! Mais de 25 mil brasileiros est\u00e3oparticipando e recebendo gratuitamente: Exames de Sangue Hemograma, colesterol, diabetes e mais Relat\u00f3rio Cardiovascular Relat\u00f3rio [&hellip;]","og_url":"https:\/\/gen-t.science\/pt-br\/convite-de-amigos\/","og_site_name":"Gen-t Science","article_publisher":"https:\/\/www.facebook.com\/gentscience\/","article_modified_time":"2026-01-21T20:02:25+00:00","og_image":[{"url":"https:\/\/gen-t.science\/wp-content\/uploads\/2025\/06\/logo_gent_180x180_2x.png","type":"","width":"","height":""}],"twitter_card":"summary_large_image","schema":{"@context":"https:\/\/schema.org","@graph":[{"@type":"WebPage","@id":"https:\/\/gen-t.science\/pt-br\/convite-de-amigos\/","url":"https:\/\/gen-t.science\/pt-br\/convite-de-amigos\/","name":"Convite de amigos - Gen-t Science","isPartOf":{"@id":"https:\/\/gen-t.science\/#website"},"primaryImageOfPage":{"@id":"https:\/\/gen-t.science\/pt-br\/convite-de-amigos\/#primaryimage"},"image":{"@id":"https:\/\/gen-t.science\/pt-br\/convite-de-amigos\/#primaryimage"},"thumbnailUrl":"https:\/\/gen-t.science\/wp-content\/uploads\/2025\/06\/logo_gent_180x180_2x.png","datePublished":"2025-06-27T00:24:42+00:00","dateModified":"2026-01-21T20:02:25+00:00","breadcrumb":{"@id":"https:\/\/gen-t.science\/pt-br\/convite-de-amigos\/#breadcrumb"},"inLanguage":"pt-BR","potentialAction":[{"@type":"ReadAction","target":["https:\/\/gen-t.science\/pt-br\/convite-de-amigos\/"]}]},{"@type":"ImageObject","inLanguage":"pt-BR","@id":"https:\/\/gen-t.science\/pt-br\/convite-de-amigos\/#primaryimage","url":"https:\/\/gen-t.science\/wp-content\/uploads\/2025\/06\/logo_gent_180x180_2x.png","contentUrl":"https:\/\/gen-t.science\/wp-content\/uploads\/2025\/06\/logo_gent_180x180_2x.png"},{"@type":"BreadcrumbList","@id":"https:\/\/gen-t.science\/pt-br\/convite-de-amigos\/#breadcrumb","itemListElement":[{"@type":"ListItem","position":1,"name":"Home","item":"https:\/\/gen-t.science\/"},{"@type":"ListItem","position":2,"name":"Convite de amigos"}]},{"@type":"WebSite","@id":"https:\/\/gen-t.science\/#website","url":"https:\/\/gen-t.science\/","name":"Gen-t Science","description":"","potentialAction":[{"@type":"SearchAction","target":{"@type":"EntryPoint","urlTemplate":"https:\/\/gen-t.science\/?s={search_term_string}"},"query-input":{"@type":"PropertyValueSpecification","valueRequired":true,"valueName":"search_term_string"}}],"inLanguage":"pt-BR"}]}},"_links":{"self":[{"href":"https:\/\/gen-t.science\/pt-br\/wp-json\/wp\/v2\/pages\/499","targetHints":{"allow":["GET"]}}],"collection":[{"href":"https:\/\/gen-t.science\/pt-br\/wp-json\/wp\/v2\/pages"}],"about":[{"href":"https:\/\/gen-t.science\/pt-br\/wp-json\/wp\/v2\/types\/page"}],"author":[{"embeddable":true,"href":"https:\/\/gen-t.science\/pt-br\/wp-json\/wp\/v2\/users\/5"}],"replies":[{"embeddable":true,"href":"https:\/\/gen-t.science\/pt-br\/wp-json\/wp\/v2\/comments?post=499"}],"version-history":[{"count":135,"href":"https:\/\/gen-t.science\/pt-br\/wp-json\/wp\/v2\/pages\/499\/revisions"}],"predecessor-version":[{"id":1074,"href":"https:\/\/gen-t.science\/pt-br\/wp-json\/wp\/v2\/pages\/499\/revisions\/1074"}],"wp:attachment":[{"href":"https:\/\/gen-t.science\/pt-br\/wp-json\/wp\/v2\/media?parent=499"}],"curies":[{"name":"wp","href":"https:\/\/api.w.org\/{rel}","templated":true}]}}