{"id":428,"date":"2025-06-26T21:40:53","date_gmt":"2025-06-26T21:40:53","guid":{"rendered":"https:\/\/gen-t.science\/?page_id=428"},"modified":"2026-02-02T15:03:35","modified_gmt":"2026-02-02T15:03:35","slug":"convide-amigos","status":"publish","type":"page","link":"https:\/\/gen-t.science\/pt-br\/convide-amigos\/","title":{"rendered":"Convide amigos (old)"},"content":{"rendered":"\n<!DOCTYPE html>\n<html lang=\"pt-BR\">\n<head>\n    <meta charset=\"UTF-8\">\n    <meta name=\"viewport\" content=\"width=device-width, initial-scale=1.0\">\n    <title>Obrigado por participar &#8211; Projeto gen-t Brasil<\/title>\n    <meta name=\"description\" content=\"Obrigado por participar do Projeto gen-t Brasil - Sua contribui\u00e7\u00e3o \u00e9 fundamental para o futuro da medicina de precis\u00e3o\" \/>\n    \n    <!-- Tailwind CSS -->\n    <script src=\"https:\/\/cdn.tailwindcss.com\"><\/script>\n    \n    <!-- Lucide Icons -->\n    <script src=\"https:\/\/unpkg.com\/lucide@latest\/dist\/umd\/lucide.js\"><\/script>\n    \n    <style>\n        @keyframes fadeIn {\n            from { opacity: 0; transform: translateY(20px); }\n            to { opacity: 1; transform: translateY(0); }\n        }\n\n        .fade-in {\n            animation: fadeIn 0.6s ease-out;\n        }\n\n        .hover-scale {\n            transition: transform 0.3s ease;\n        }\n\n        .hover-scale:hover {\n            transform: scale(1.05);\n        }\n\n        .whatsapp-green {\n            background-color: #25D366;\n        }\n\n        .whatsapp-green:hover {\n            background-color: #20BA5A;\n        }\n    <\/style>\n<\/head>\n<body class=\"bg-gradient-to-br from-gray-50 to-gray-100 min-h-screen\">\n    <div class=\"py-4 px-2\">\n        <div class=\"max-w-4xl mx-auto\">\n            <!-- Main Header -->\n            <div class=\"text-center mb-4 fade-in\">\n                <h1 class=\"text-3xl md:text-4xl font-bold mb-2\">\n                    <span class=\"text-pink-500\">Obrigado<\/span>\n                    <span class=\"text-gray-800\"> por participar!<\/span>\n                <\/h1>\n                <p class=\"text-base text-gray-600 max-w-2xl mx-auto\">\n                    Sua contribui\u00e7\u00e3o \u00e9 fundamental para o futuro da medicina de precis\u00e3o no Brasil\n                <\/p>\n            <\/div>\n\n            <!-- Main Content Card -->\n            <div class=\"mb-6 shadow-lg border-0 bg-white rounded-lg fade-in\">\n                <div class=\"p-4 md:p-6\">\n                    <div class=\"grid md:grid-cols-2 gap-6 items-center\">\n                        <div class=\"space-y-4\">\n                            <p class=\"text-gray-800 font-semibold text-base\">\n                                Agora, que tal aproveitar para ajudar amigos e familiares a cuidarem melhor da sa\u00fade?\n                            <\/p>\n                        <\/div>\n\n                        <!-- Doctor Image -->\n                        <div class=\"flex justify-center\">\n                            <div class=\"relative\">\n                                <div class=\"w-48 h-48 rounded-2xl overflow-hidden bg-gradient-to-br from-orange-400 to-red-500 shadow-xl\">\n                                    <img decoding=\"async\"\n                                        id=\"doctorImage\"\n                                        src=\"https:\/\/gen-t.science\/wp-content\/uploads\/2024\/05\/banner-mobile-bottom-01.jpg\"\n                                        alt=\"Sorriso simp\u00e1tico\"\n                                        class=\"w-full h-full object-cover\"\n                                    \/>\n                                <\/div>\n                            <\/div>\n                        <\/div>\n                    <\/div>\n                <\/div>\n            <\/div>\n\n            <!-- Call to Action Button -->\n            <div class=\"text-center mb-6 fade-in\">\n                <button \n                    id=\"inviteButton\"\n                    class=\"bg-gradient-to-r from-pink-500 to-purple-600 hover:from-pink-600 hover:to-purple-700 text-white px-8 py-3 text-lg rounded-full shadow-lg hover:shadow-xl transition-all duration-300 hover-scale inline-flex items-center gap-2\"\n                >\n                    <i data-lucide=\"message-circle\" class=\"w-5 h-5\"><\/i>\n                    Convidar amigos e familiares!\n                <\/button>\n            <\/div>\n\n            <!-- Footer -->\n            <div class=\"text-center space-y-2 fade-in\">\n                <div class=\"flex items-center justify-center space-x-2\">\n                    <span class=\"text-xl font-bold\">\n                        <span class=\"text-pink-500\">gen-t<\/span>\n                        <span class=\"text-gray-800\"> do Brasil<\/span>\n                    <\/span>\n                <\/div>\n                <p class=\"text-gray-500 text-sm\">\n                    Humanidade com ci\u00eancia\n                <\/p>\n            <\/div>\n        <\/div>\n    <\/div>\n\n    <script>\n        lucide.createIcons();\n\n        document.getElementById('inviteButton').addEventListener('click', function() {\n            const whatsappLink = 'https:\/\/wa.me\/?text=Estou+participando+do+projeto+gen-t+do+Brasil+e+tem+sido+uma+%C3%B3tima+experi%C3%AAncia.+Resolvi+compartilhar+com+voc%C3%AA%21%0A%0AAo+participar%2C+voc%C3%AA+cuida+da+sua+sa%C3%BAde+e+contribui+para+o+avan%C3%A7o+da+medicina+no+Brasil%21+%F0%9F%91%A9%E2%80%8D%E2%9A%95%EF%B8%8F%F0%9F%A7%AC%0A%0AVoc%C3%AA+recebe+tudo+isso%2C+e+muito+mais%2C+gratuitamente%3A%0A%E2%9C%85+Exames+de+sangue++%0A%E2%9C%85+Avalia%C3%A7%C3%A3o+de+risco+cardiovascular++%0A%E2%9C%85+Descoberta+da+sua+ancestralidade++%0A%0A%F0%9F%91%89+Participe+em%3A+https%3A%2F%2Fbit.ly%2Fgentdobrasil&utm_source=ecrf_convite&utm_medium=ecrf';\n            window.open(whatsappLink, '_blank');\n        });\n\n        function changeDoctorImage(newImageUrl) {\n            document.getElementById('doctorImage').src = newImageUrl;\n        }\n    <\/script>\n\n<\/body>\n<\/html>\n\n\n\n<p><\/p>\n","protected":false},"excerpt":{"rendered":"<p>Obrigado por participar &#8211; Projeto gen-t Brasil Obrigado por participar! Sua contribui\u00e7\u00e3o \u00e9 fundamental para o futuro da medicina de precis\u00e3o no Brasil Agora, que tal aproveitar para ajudar amigos e familiares a cuidarem melhor da sa\u00fade? Convidar amigos e familiares! gen-t do Brasil Humanidade com ci\u00eancia<\/p>\n","protected":false},"author":5,"featured_media":0,"parent":0,"menu_order":0,"comment_status":"closed","ping_status":"closed","template":"elementor_canvas","meta":{"_acf_changed":false,"footnotes":""},"class_list":["post-428","page","type-page","status-publish","hentry"],"acf":[],"yoast_head":"<!-- This site is optimized with the Yoast SEO plugin v27.1.1 - https:\/\/yoast.com\/product\/yoast-seo-wordpress\/ -->\n<title>Convide amigos (old) - Gen-t Science<\/title>\n<meta name=\"robots\" content=\"index, follow, max-snippet:-1, max-image-preview:large, max-video-preview:-1\" \/>\n<link rel=\"canonical\" href=\"https:\/\/gen-t.science\/pt-br\/convide-amigos\/\" \/>\n<meta property=\"og:locale\" content=\"pt_BR\" \/>\n<meta property=\"og:type\" content=\"article\" \/>\n<meta property=\"og:title\" content=\"Convide amigos (old) - Gen-t Science\" \/>\n<meta property=\"og:description\" content=\"Obrigado por participar &#8211; Projeto gen-t Brasil Obrigado por participar! Sua contribui\u00e7\u00e3o \u00e9 fundamental para o futuro da medicina de precis\u00e3o no Brasil Agora, que tal aproveitar para ajudar amigos e familiares a cuidarem melhor da sa\u00fade? Convidar amigos e familiares! gen-t do Brasil Humanidade com ci\u00eancia\" \/>\n<meta property=\"og:url\" content=\"https:\/\/gen-t.science\/pt-br\/convide-amigos\/\" \/>\n<meta property=\"og:site_name\" content=\"Gen-t Science\" \/>\n<meta property=\"article:publisher\" content=\"https:\/\/www.facebook.com\/gentscience\/\" \/>\n<meta property=\"article:modified_time\" content=\"2026-02-02T15:03:35+00:00\" \/>\n<meta name=\"twitter:card\" content=\"summary_large_image\" \/>\n<script type=\"application\/ld+json\" class=\"yoast-schema-graph\">{\"@context\":\"https:\/\/schema.org\",\"@graph\":[{\"@type\":\"WebPage\",\"@id\":\"https:\/\/gen-t.science\/pt-br\/convide-amigos\/\",\"url\":\"https:\/\/gen-t.science\/pt-br\/convide-amigos\/\",\"name\":\"Convide amigos (old) - Gen-t Science\",\"isPartOf\":{\"@id\":\"https:\/\/gen-t.science\/#website\"},\"datePublished\":\"2025-06-26T21:40:53+00:00\",\"dateModified\":\"2026-02-02T15:03:35+00:00\",\"breadcrumb\":{\"@id\":\"https:\/\/gen-t.science\/pt-br\/convide-amigos\/#breadcrumb\"},\"inLanguage\":\"pt-BR\",\"potentialAction\":[{\"@type\":\"ReadAction\",\"target\":[\"https:\/\/gen-t.science\/pt-br\/convide-amigos\/\"]}]},{\"@type\":\"BreadcrumbList\",\"@id\":\"https:\/\/gen-t.science\/pt-br\/convide-amigos\/#breadcrumb\",\"itemListElement\":[{\"@type\":\"ListItem\",\"position\":1,\"name\":\"Home\",\"item\":\"https:\/\/gen-t.science\/\"},{\"@type\":\"ListItem\",\"position\":2,\"name\":\"Convide amigos (old)\"}]},{\"@type\":\"WebSite\",\"@id\":\"https:\/\/gen-t.science\/#website\",\"url\":\"https:\/\/gen-t.science\/\",\"name\":\"Gen-t Science\",\"description\":\"\",\"potentialAction\":[{\"@type\":\"SearchAction\",\"target\":{\"@type\":\"EntryPoint\",\"urlTemplate\":\"https:\/\/gen-t.science\/?s={search_term_string}\"},\"query-input\":{\"@type\":\"PropertyValueSpecification\",\"valueRequired\":true,\"valueName\":\"search_term_string\"}}],\"inLanguage\":\"pt-BR\"}]}<\/script>\n<!-- \/ Yoast SEO plugin. -->","yoast_head_json":{"title":"Convide amigos (old) - Gen-t Science","robots":{"index":"index","follow":"follow","max-snippet":"max-snippet:-1","max-image-preview":"max-image-preview:large","max-video-preview":"max-video-preview:-1"},"canonical":"https:\/\/gen-t.science\/pt-br\/convide-amigos\/","og_locale":"pt_BR","og_type":"article","og_title":"Convide amigos (old) - Gen-t Science","og_description":"Obrigado por participar &#8211; Projeto gen-t Brasil Obrigado por participar! Sua contribui\u00e7\u00e3o \u00e9 fundamental para o futuro da medicina de precis\u00e3o no Brasil Agora, que tal aproveitar para ajudar amigos e familiares a cuidarem melhor da sa\u00fade? Convidar amigos e familiares! gen-t do Brasil Humanidade com ci\u00eancia","og_url":"https:\/\/gen-t.science\/pt-br\/convide-amigos\/","og_site_name":"Gen-t Science","article_publisher":"https:\/\/www.facebook.com\/gentscience\/","article_modified_time":"2026-02-02T15:03:35+00:00","twitter_card":"summary_large_image","schema":{"@context":"https:\/\/schema.org","@graph":[{"@type":"WebPage","@id":"https:\/\/gen-t.science\/pt-br\/convide-amigos\/","url":"https:\/\/gen-t.science\/pt-br\/convide-amigos\/","name":"Convide amigos (old) - Gen-t Science","isPartOf":{"@id":"https:\/\/gen-t.science\/#website"},"datePublished":"2025-06-26T21:40:53+00:00","dateModified":"2026-02-02T15:03:35+00:00","breadcrumb":{"@id":"https:\/\/gen-t.science\/pt-br\/convide-amigos\/#breadcrumb"},"inLanguage":"pt-BR","potentialAction":[{"@type":"ReadAction","target":["https:\/\/gen-t.science\/pt-br\/convide-amigos\/"]}]},{"@type":"BreadcrumbList","@id":"https:\/\/gen-t.science\/pt-br\/convide-amigos\/#breadcrumb","itemListElement":[{"@type":"ListItem","position":1,"name":"Home","item":"https:\/\/gen-t.science\/"},{"@type":"ListItem","position":2,"name":"Convide amigos (old)"}]},{"@type":"WebSite","@id":"https:\/\/gen-t.science\/#website","url":"https:\/\/gen-t.science\/","name":"Gen-t Science","description":"","potentialAction":[{"@type":"SearchAction","target":{"@type":"EntryPoint","urlTemplate":"https:\/\/gen-t.science\/?s={search_term_string}"},"query-input":{"@type":"PropertyValueSpecification","valueRequired":true,"valueName":"search_term_string"}}],"inLanguage":"pt-BR"}]}},"_links":{"self":[{"href":"https:\/\/gen-t.science\/pt-br\/wp-json\/wp\/v2\/pages\/428","targetHints":{"allow":["GET"]}}],"collection":[{"href":"https:\/\/gen-t.science\/pt-br\/wp-json\/wp\/v2\/pages"}],"about":[{"href":"https:\/\/gen-t.science\/pt-br\/wp-json\/wp\/v2\/types\/page"}],"author":[{"embeddable":true,"href":"https:\/\/gen-t.science\/pt-br\/wp-json\/wp\/v2\/users\/5"}],"replies":[{"embeddable":true,"href":"https:\/\/gen-t.science\/pt-br\/wp-json\/wp\/v2\/comments?post=428"}],"version-history":[{"count":69,"href":"https:\/\/gen-t.science\/pt-br\/wp-json\/wp\/v2\/pages\/428\/revisions"}],"predecessor-version":[{"id":1097,"href":"https:\/\/gen-t.science\/pt-br\/wp-json\/wp\/v2\/pages\/428\/revisions\/1097"}],"wp:attachment":[{"href":"https:\/\/gen-t.science\/pt-br\/wp-json\/wp\/v2\/media?parent=428"}],"curies":[{"name":"wp","href":"https:\/\/api.w.org\/{rel}","templated":true}]}}