{"id":1211,"date":"2026-04-09T15:56:04","date_gmt":"2026-04-09T15:56:04","guid":{"rendered":"https:\/\/gen-t.science\/?page_id=1211"},"modified":"2026-04-22T13:06:36","modified_gmt":"2026-04-22T13:06:36","slug":"landing-page-itatiba","status":"publish","type":"page","link":"https:\/\/gen-t.science\/pt-br\/landing-page-itatiba\/","title":{"rendered":"itatiba"},"content":{"rendered":"<link href=\"https:\/\/fonts.googleapis.com\/css2?family=Open+Sans:wght@400;600&#038;display=swap\" rel=\"stylesheet\">\n<style>\n  @media (max-width: 768px) {\n    .hero-topbar { flex-direction: column; gap: 12px; }\n    .hero-logos { flex-wrap: wrap; }\n    .hero-title { font-size: 32px !important; }\n  }\n<\/style>\n<p>  <!-- Logo --><br \/>\n  <img decoding=\"async\" src=\"https:\/\/gen-t.science\/wp-content\/uploads\/2026\/04\/logo.webp\" alt=\"Projeto gen-t do Brasil\" style=\"=  margin: 0; padding-bottom: 32px; display: block;\"><br \/>\n  <!-- T\u00edtulo --><\/p>\n<h1 style=\"margin: 0; padding-bottom: 16px; font-size: 52px; font-weight: 600; color: #CB3073; font-family: 'Degular', sans-serif; line-height: 1.2;\">Cuide da sua sa\u00fade hoje e acompanhe sua evolu\u00e7\u00e3o ao longo dos anos<\/h1>\n<p>  <!-- Subt\u00edtulo --><\/p>\n<p style=\"margin: 0; padding-bottom: 24px; font-size: 16px; color: #666364; line-height: 1.5; font-weight: 400\">Participe e ajude a construir o <strong>maior banco gen\u00e9tico da Am\u00e9rica Latina<\/strong> e contribua com a ci\u00eancia brasileira!<\/p>\n<p>  <!-- Top bar --><br \/>\n      <img decoding=\"async\" src=\"https:\/\/gen-t.science\/wp-content\/uploads\/2026\/04\/ilustra.webp\" style=\"width: 32px; height: 32px;\"><br \/>\n      Exames gratuitos<br \/>\n      <img decoding=\"async\" src=\"https:\/\/gen-t.science\/wp-content\/uploads\/2026\/04\/ilustra-1.webp\" style=\"width: 32px; height: 32px;\"><br \/>\n      +25 mil participantes<br \/>\n      <img decoding=\"async\" src=\"https:\/\/gen-t.science\/wp-content\/uploads\/2026\/04\/ilustra-2.webp\" style=\"width: 32px; height: 32px;\"><br \/>\n      Seus dados protegidos<br \/>\n  <!-- Logos parceiros --><br \/>\n    <img decoding=\"async\" src=\"https:\/\/gen-t.science\/wp-content\/uploads\/2026\/04\/gen-t-DNA-6.webp\" alt=\"Parceiro 1\" style=\"\">\n\t\t\t\t\t<link href=\"https:\/\/fonts.googleapis.com\/css2?family=Open+Sans:wght@400;600&#038;display=swap\" rel=\"stylesheet\">\n<style>\n  @media (max-width: 768px) {\n    .agendamento-cards { flex-direction: column !important; }\n    .agendamento-cards > div { width: 100% !important; box-sizing: border-box; }\n  }\n<\/style>\n<h3 style=\"margin: 0; padding-bottom: 16px; font-size: 24px; font-weight: 700; color: #1a1a1a; font-family: Degular;\">Primeira visita<\/h3>\n<p style=\"margin: 0; padding-bottom: 32px; font-size: 14px; color: #444444; line-height: 1.5;\">Para participantes que <strong>ainda n\u00e3o fazem parte do projeto<\/strong> e querem agendar sua coleta.<\/p>\n<p>      <a href=\"#\"\n         style=\"display: block; text-align: center; padding: 12px 16px; border: 1px solid #CB3073; border-radius: 4px; color: #CB3073; font-size: 15px; font-weight: 600; text-decoration: none;\"\n         onmouseover=\"this.style.backgroundColor='#CB3073'; this.style.color='#fff';\"\n         onmouseout=\"this.style.backgroundColor='transparent'; this.style.color='#CB3073';\"><br \/>\n        Agendar primeira coleta<br \/>\n      <\/a><\/p>\n<h3 style=\"margin: 0; padding-bottom: 16px; font-size: 24px; font-weight: 700; color: #1a1a1a; font-family: Degular;\">Segunda visita<\/h3>\n<p style=\"margin: 0; padding-bottom: 32px; font-size: 14px; color: #444444; line-height: 1.5;\">Participantes que <strong>j\u00e1 fazem parte do projeto<\/strong> e precisam agendar o retorno para nova coleta dos exames.<\/p>\n<p>      <a href=\"#\"\n style=\"display: block; text-align: center; padding: 12px 16px; border: 1px solid #CB3073; border-radius: 4px; color: #CB3073; font-size: 15px; font-weight: 600; text-decoration: none;\"\n         onmouseover=\"this.style.backgroundColor='#CB3073'; this.style.color='#fff';\"\n         onmouseout=\"this.style.backgroundColor='transparent'; this.style.color='#CB3073';\"><br \/>\n        Agendar retorno<br \/>\n      <\/a>\n\t\t\t\t\t<link href=\"https:\/\/fonts.googleapis.com\/css2?family=Open+Sans:wght@400;600&#038;display=swap\" rel=\"stylesheet\">\n<style>\n  @media (max-width: 768px) {\n    .coleta-wrapper { flex-direction: column !important; }\n    .coleta-wrapper img { width: 100% !important; }\n  }\n<\/style>\n<p>    <img decoding=\"async\" src=\"https:\/\/gen-t.science\/wp-content\/uploads\/2026\/04\/coleta_itatiba.webp\" style=\"width: 583px; max-width: 100%; object-fit: cover;\"><\/p>\n<h3 style=\"margin: 0; padding-bottom: 8px; font-size: 32px; font-weight: 600; line-height: 150%; color: #1a1a1a; font-family: 'Degular';\">Local da coleta em Itatiba<\/h3>\n<p style=\"margin: 0; padding-bottom: 4px; font-size: 18px; color: #444444; font-family: 'Open Sans', sans-serif; font-weight: 600;\">UBS Cl\u00ednica da Fam\u00edlia<\/p>\n<p style=\"margin: 0; font-size: 16px; color: #444444; font-family: 'Open Sans', sans-serif; font-weight: 400;\">Av. Vicente Catalani, 275 &#8211; Jardim das Na\u00e7\u00f5es, Itatiba &#8211; SP<\/p>\n<link href=\"https:\/\/fonts.googleapis.com\/css2?family=Open+Sans:wght@400;600&#038;display=swap\" rel=\"stylesheet\">\n<style>\n  @media (max-width: 768px) {\n    .beneficios-titulo { font-size: 28px !important; }\n  }\n<\/style>\n<p><!-- Modal --><\/p>\n<h3 style=\"margin: 0; font-size: 20px; font-weight: 600; color: #2E2C2D; font-family: 'Degular', sans-serif;\">Exames de sangue oferecidos<\/h3>\n<p>      <button onclick=\"document.getElementById('modal-exames').style.display='none';\"\n              style=\"background: none; border: none; font-size: 22px; color: #c2185b; cursor: pointer; line-height: 1;\">&#x2715;<\/button><\/p>\n<ul style=\"margin: 0; padding: 0; list-style: none;\">\n<li style=\"padding: 6px 0; font-size: 15px; color: #444444; font-family: 'Open Sans', sans-serif;\">\u2022 Hemograma<\/li>\n<li style=\"padding: 6px 0; font-size: 15px; color: #444444; font-family: 'Open Sans', sans-serif;\">\u2022 Contagem de plaquetas<\/li>\n<li style=\"padding: 6px 0; font-size: 15px; color: #444444; font-family: 'Open Sans', sans-serif;\">\u2022 Colesterol total e fra\u00e7\u00f5es<\/li>\n<li style=\"padding: 6px 0; font-size: 15px; color: #444444; font-family: 'Open Sans', sans-serif;\">\u2022 Triglicer\u00eddeos<\/li>\n<li style=\"padding: 6px 0; font-size: 15px; color: #444444; font-family: 'Open Sans', sans-serif;\">\u2022 Creatinina<\/li>\n<li style=\"padding: 6px 0; font-size: 15px; color: #444444; font-family: 'Open Sans', sans-serif;\">\u2022 Glicemia em jejum (diabetes)<\/li>\n<li style=\"padding: 6px 0; font-size: 15px; color: #444444; font-family: 'Open Sans', sans-serif;\">\u2022 Hemoglobina glicada<\/li>\n<li style=\"padding: 6px 0; font-size: 15px; color: #444444; font-family: 'Open Sans', sans-serif;\">\u2022 PCR de alta sensibilidade<\/li>\n<\/ul>\n<h2 style=\"margin: 0; padding-bottom: 12px; font-size: 48px; font-weight: 600; color: #1a1a1a; font-family: 'Degular';\">O que voc\u00ea recebe ao longo do tempo<\/h2>\n<p style=\"margin: 0; padding-bottom: 40px; font-size: 16px; color: #444444; font-weight: 400;\">Conhe\u00e7a os benef\u00edcios e tudo o que voc\u00ea receber\u00e1 durante sua participa\u00e7\u00e3o.<\/p>\n<p>      <img decoding=\"async\" src=\"https:\/\/gen-t.science\/wp-content\/uploads\/2026\/04\/blood-icon.webp\" alt=\"\u00cdcone exames\" style=\"margin: 0; padding-bottom: 16px; display: block;\"><\/p>\n<h3 style=\"margin: 0; padding-bottom: 8px; font-size: 20px; font-weight: 600; color: #1a1a1a; font-family: 'Open Sans', sans-serif;\">Exames de sangue gratuitos<\/h3>\n<p style=\"margin: 0; padding-bottom: 16px; font-size: 16px; color: #666364; line-height: 1.5;\">Realize e acompanhe o resultado dos seus exames durante 5 anos.<\/p>\n<p>      <a href=\"#\" onclick=\"document.getElementById('modal-exames').style.display='flex'; return false;\"\n         style=\"font-size: 14px; color: #c2185b; font-weight: 600; text-decoration: underline;\">Confira os exames oferecidos<\/a><br \/>\n      <img decoding=\"async\" src=\"https:\/\/gen-t.science\/wp-content\/uploads\/2026\/04\/world-icon.webp\" alt=\"\u00cdcone ancestralidade\" style=\"margin: 0; padding-bottom: 16px; display: block;\"><\/p>\n<h3 style=\"margin: 0; padding-bottom: 8px; font-size: 20px; font-weight: 600; color: #1a1a1a; font-family: 'Open Sans', sans-serif;\">Mapa de ancestralidade<\/h3>\n<p style=\"margin: 0; font-size: 16px; color: #666364; line-height: 1.5;\">Descubra de quais continentes vieram seus antepassados e conhe\u00e7a mais sobre suas ra\u00edzes.<\/p>\n<p>      <img decoding=\"async\" src=\"https:\/\/gen-t.science\/wp-content\/uploads\/2026\/04\/report-icon.webp\" alt=\"\u00cdcone relat\u00f3rios\" style=\"margin: 0; padding-bottom: 16px; display: block;\"><\/p>\n<h3 style=\"margin: 0; padding-bottom: 8px; font-size: 20px; font-weight: 600; color: #1a1a1a; font-family: 'Open Sans', sans-serif;\">Relat\u00f3rios de Sa\u00fade<\/h3>\n<p style=\"margin: 0; font-size: 16px; color: #666364; line-height: 1.5;\">Receba relat\u00f3rios de sa\u00fade cardiovascular e entenda como manter seus h\u00e1bitos saud\u00e1veis.<\/p>\n<link href=\"https:\/\/fonts.googleapis.com\/css2?family=Open+Sans:wght@400;600&#038;display=swap\" rel=\"stylesheet\">\n<style>\n  @media (max-width: 768px) {\n    .protecao-titulo { font-size: 24px !important; }\n  }\n<\/style>\n<h2 style=\"margin: 0; padding-bottom: 32px; font-size: 36px; font-weight: 600; color: #1a1a1a;\">Como protegemos seus dados e seu DNA<\/h2>\n<p>    <img decoding=\"async\" src=\"https:\/\/gen-t.science\/wp-content\/uploads\/2026\/04\/criptografia-icon.webp\" style=\"width: 32px; height: 32px; flex-shrink: 0;\"><\/p>\n<p style=\"margin: 0; font-size: 16px; color: #666364; line-height: 1.5;\">Seu nome \u00e9 substitu\u00eddo por um <strong>c\u00f3digo \u00fanico<\/strong> assim que a amostra chega em nosso laborat\u00f3rio.<\/p>\n<p>    <img decoding=\"async\" src=\"https:\/\/gen-t.science\/wp-content\/uploads\/2026\/04\/block-icon.webp\" style=\"width: 32px; height: 32px; flex-shrink: 0;\"><\/p>\n<p style=\"margin: 0; font-size: 16px; color: #666364; line-height: 1.5;\">Seus dados digitais s\u00e3o <strong>criptografados e protegidos<\/strong> por chaves de seguran\u00e7a eletr\u00f4nicas.<\/p>\n<p>    <img decoding=\"async\" src=\"https:\/\/gen-t.science\/wp-content\/uploads\/2026\/04\/anonymous-icon.webp\" style=\"width: 32px; height: 32px; flex-shrink: 0;\"><\/p>\n<p style=\"margin: 0; font-size: 16px; color: #666364; line-height: 1.5;\"><strong>Anonimato cient\u00edfico:<\/strong> os resultados da pesquisa focam em grupos e padr\u00f5es, nunca em indiv\u00edduos isolados.<\/p>\n<link href=\"https:\/\/fonts.googleapis.com\/css2?family=Open+Sans:wght@400;600&#038;display=swap\" rel=\"stylesheet\">\n<style>\n  @media (max-width: 768px) {\n    .cta-titulo { font-size: 24px !important; }\n    .cta-btn { min-width: unset !important; width: 100% !important; box-sizing: border-box; }\n  }\n<\/style>\n<h2 style=\"margin: 0; padding-bottom: 12px; font-size: 32px; font-weight: 600; color: #ffffff;\">Saiba mais sobre a gen-t<\/h2>\n<p style=\"margin: 0; padding-bottom: 32px; font-size: 18px; color: #ffffff; line-height: 1.5; font-weight: 400;\">Descubra como seus dados gen\u00e9ticos podem transformar a medicina no Brasil!<\/p>\n<p>  <a href=\"#\"\n     style=\"display: inline-block; min-width: 390px; height: 56px; line-height: 56px; padding: 0 24px; border: 1px solid #ffffff; border-radius: 4px; color: #ffffff; font-size: 15px; font-weight: 600; text-decoration: none; font-family: 'Open Sans', sans-serif; text-align: center; box-sizing: border-box;\"\n     onmouseover=\"this.style.backgroundColor='rgba(255,255,255,0.15)';\"\n     onmouseout=\"this.style.backgroundColor='transparent';\"><br \/>\n    Saber mais<br \/>\n  <\/a><\/p>\n","protected":false},"excerpt":{"rendered":"<p>Cuide da sua sa\u00fade hoje e acompanhe sua evolu\u00e7\u00e3o ao longo dos anos Participe e ajude a construir o maior banco gen\u00e9tico da Am\u00e9rica Latina e contribua com a ci\u00eancia brasileira! Exames gratuitos +25 mil participantes Seus dados protegidos Primeira visita Para participantes que ainda n\u00e3o fazem parte do projeto e querem agendar sua coleta. [&hellip;]<\/p>\n","protected":false},"author":7,"featured_media":0,"parent":0,"menu_order":0,"comment_status":"closed","ping_status":"closed","template":"elementor_canvas","meta":{"_acf_changed":false,"footnotes":""},"class_list":["post-1211","page","type-page","status-publish","hentry"],"acf":[],"yoast_head":"<!-- This site is optimized with the Yoast SEO plugin v27.1.1 - https:\/\/yoast.com\/product\/yoast-seo-wordpress\/ -->\n<title>itatiba - Gen-t Science<\/title>\n<meta name=\"robots\" content=\"index, follow, max-snippet:-1, max-image-preview:large, max-video-preview:-1\" \/>\n<link rel=\"canonical\" href=\"https:\/\/gen-t.science\/pt-br\/landing-page-itatiba\/\" \/>\n<meta property=\"og:locale\" content=\"pt_BR\" \/>\n<meta property=\"og:type\" content=\"article\" \/>\n<meta property=\"og:title\" content=\"itatiba - Gen-t Science\" \/>\n<meta property=\"og:description\" content=\"Cuide da sua sa\u00fade hoje e acompanhe sua evolu\u00e7\u00e3o ao longo dos anos Participe e ajude a construir o maior banco gen\u00e9tico da Am\u00e9rica Latina e contribua com a ci\u00eancia brasileira! Exames gratuitos +25 mil participantes Seus dados protegidos Primeira visita Para participantes que ainda n\u00e3o fazem parte do projeto e querem agendar sua coleta. [&hellip;]\" \/>\n<meta property=\"og:url\" content=\"https:\/\/gen-t.science\/pt-br\/landing-page-itatiba\/\" \/>\n<meta property=\"og:site_name\" content=\"Gen-t Science\" \/>\n<meta property=\"article:publisher\" content=\"https:\/\/www.facebook.com\/gentscience\/\" \/>\n<meta property=\"article:modified_time\" content=\"2026-04-22T13:06:36+00:00\" \/>\n<meta property=\"og:image\" content=\"https:\/\/gen-t.science\/wp-content\/uploads\/2026\/04\/logo.webp\" \/>\n<meta name=\"twitter:card\" content=\"summary_large_image\" \/>\n<meta name=\"twitter:label1\" content=\"Est. tempo de leitura\" \/>\n\t<meta name=\"twitter:data1\" content=\"4 minutos\" \/>\n<script type=\"application\/ld+json\" class=\"yoast-schema-graph\">{\"@context\":\"https:\/\/schema.org\",\"@graph\":[{\"@type\":\"WebPage\",\"@id\":\"https:\/\/gen-t.science\/pt-br\/landing-page-itatiba\/\",\"url\":\"https:\/\/gen-t.science\/pt-br\/landing-page-itatiba\/\",\"name\":\"itatiba - Gen-t Science\",\"isPartOf\":{\"@id\":\"https:\/\/gen-t.science\/#website\"},\"primaryImageOfPage\":{\"@id\":\"https:\/\/gen-t.science\/pt-br\/landing-page-itatiba\/#primaryimage\"},\"image\":{\"@id\":\"https:\/\/gen-t.science\/pt-br\/landing-page-itatiba\/#primaryimage\"},\"thumbnailUrl\":\"https:\/\/gen-t.science\/wp-content\/uploads\/2026\/04\/logo.webp\",\"datePublished\":\"2026-04-09T15:56:04+00:00\",\"dateModified\":\"2026-04-22T13:06:36+00:00\",\"breadcrumb\":{\"@id\":\"https:\/\/gen-t.science\/pt-br\/landing-page-itatiba\/#breadcrumb\"},\"inLanguage\":\"pt-BR\",\"potentialAction\":[{\"@type\":\"ReadAction\",\"target\":[\"https:\/\/gen-t.science\/pt-br\/landing-page-itatiba\/\"]}]},{\"@type\":\"ImageObject\",\"inLanguage\":\"pt-BR\",\"@id\":\"https:\/\/gen-t.science\/pt-br\/landing-page-itatiba\/#primaryimage\",\"url\":\"https:\/\/gen-t.science\/wp-content\/uploads\/2026\/04\/logo.webp\",\"contentUrl\":\"https:\/\/gen-t.science\/wp-content\/uploads\/2026\/04\/logo.webp\"},{\"@type\":\"BreadcrumbList\",\"@id\":\"https:\/\/gen-t.science\/pt-br\/landing-page-itatiba\/#breadcrumb\",\"itemListElement\":[{\"@type\":\"ListItem\",\"position\":1,\"name\":\"Home\",\"item\":\"https:\/\/gen-t.science\/\"},{\"@type\":\"ListItem\",\"position\":2,\"name\":\"itatiba\"}]},{\"@type\":\"WebSite\",\"@id\":\"https:\/\/gen-t.science\/#website\",\"url\":\"https:\/\/gen-t.science\/\",\"name\":\"Gen-t Science\",\"description\":\"\",\"potentialAction\":[{\"@type\":\"SearchAction\",\"target\":{\"@type\":\"EntryPoint\",\"urlTemplate\":\"https:\/\/gen-t.science\/?s={search_term_string}\"},\"query-input\":{\"@type\":\"PropertyValueSpecification\",\"valueRequired\":true,\"valueName\":\"search_term_string\"}}],\"inLanguage\":\"pt-BR\"}]}<\/script>\n<!-- \/ Yoast SEO plugin. -->","yoast_head_json":{"title":"itatiba - Gen-t Science","robots":{"index":"index","follow":"follow","max-snippet":"max-snippet:-1","max-image-preview":"max-image-preview:large","max-video-preview":"max-video-preview:-1"},"canonical":"https:\/\/gen-t.science\/pt-br\/landing-page-itatiba\/","og_locale":"pt_BR","og_type":"article","og_title":"itatiba - Gen-t Science","og_description":"Cuide da sua sa\u00fade hoje e acompanhe sua evolu\u00e7\u00e3o ao longo dos anos Participe e ajude a construir o maior banco gen\u00e9tico da Am\u00e9rica Latina e contribua com a ci\u00eancia brasileira! Exames gratuitos +25 mil participantes Seus dados protegidos Primeira visita Para participantes que ainda n\u00e3o fazem parte do projeto e querem agendar sua coleta. [&hellip;]","og_url":"https:\/\/gen-t.science\/pt-br\/landing-page-itatiba\/","og_site_name":"Gen-t Science","article_publisher":"https:\/\/www.facebook.com\/gentscience\/","article_modified_time":"2026-04-22T13:06:36+00:00","og_image":[{"url":"https:\/\/gen-t.science\/wp-content\/uploads\/2026\/04\/logo.webp","type":"","width":"","height":""}],"twitter_card":"summary_large_image","twitter_misc":{"Est. tempo de leitura":"4 minutos"},"schema":{"@context":"https:\/\/schema.org","@graph":[{"@type":"WebPage","@id":"https:\/\/gen-t.science\/pt-br\/landing-page-itatiba\/","url":"https:\/\/gen-t.science\/pt-br\/landing-page-itatiba\/","name":"itatiba - Gen-t Science","isPartOf":{"@id":"https:\/\/gen-t.science\/#website"},"primaryImageOfPage":{"@id":"https:\/\/gen-t.science\/pt-br\/landing-page-itatiba\/#primaryimage"},"image":{"@id":"https:\/\/gen-t.science\/pt-br\/landing-page-itatiba\/#primaryimage"},"thumbnailUrl":"https:\/\/gen-t.science\/wp-content\/uploads\/2026\/04\/logo.webp","datePublished":"2026-04-09T15:56:04+00:00","dateModified":"2026-04-22T13:06:36+00:00","breadcrumb":{"@id":"https:\/\/gen-t.science\/pt-br\/landing-page-itatiba\/#breadcrumb"},"inLanguage":"pt-BR","potentialAction":[{"@type":"ReadAction","target":["https:\/\/gen-t.science\/pt-br\/landing-page-itatiba\/"]}]},{"@type":"ImageObject","inLanguage":"pt-BR","@id":"https:\/\/gen-t.science\/pt-br\/landing-page-itatiba\/#primaryimage","url":"https:\/\/gen-t.science\/wp-content\/uploads\/2026\/04\/logo.webp","contentUrl":"https:\/\/gen-t.science\/wp-content\/uploads\/2026\/04\/logo.webp"},{"@type":"BreadcrumbList","@id":"https:\/\/gen-t.science\/pt-br\/landing-page-itatiba\/#breadcrumb","itemListElement":[{"@type":"ListItem","position":1,"name":"Home","item":"https:\/\/gen-t.science\/"},{"@type":"ListItem","position":2,"name":"itatiba"}]},{"@type":"WebSite","@id":"https:\/\/gen-t.science\/#website","url":"https:\/\/gen-t.science\/","name":"Gen-t Science","description":"","potentialAction":[{"@type":"SearchAction","target":{"@type":"EntryPoint","urlTemplate":"https:\/\/gen-t.science\/?s={search_term_string}"},"query-input":{"@type":"PropertyValueSpecification","valueRequired":true,"valueName":"search_term_string"}}],"inLanguage":"pt-BR"}]}},"_links":{"self":[{"href":"https:\/\/gen-t.science\/pt-br\/wp-json\/wp\/v2\/pages\/1211","targetHints":{"allow":["GET"]}}],"collection":[{"href":"https:\/\/gen-t.science\/pt-br\/wp-json\/wp\/v2\/pages"}],"about":[{"href":"https:\/\/gen-t.science\/pt-br\/wp-json\/wp\/v2\/types\/page"}],"author":[{"embeddable":true,"href":"https:\/\/gen-t.science\/pt-br\/wp-json\/wp\/v2\/users\/7"}],"replies":[{"embeddable":true,"href":"https:\/\/gen-t.science\/pt-br\/wp-json\/wp\/v2\/comments?post=1211"}],"version-history":[{"count":173,"href":"https:\/\/gen-t.science\/pt-br\/wp-json\/wp\/v2\/pages\/1211\/revisions"}],"predecessor-version":[{"id":2001,"href":"https:\/\/gen-t.science\/pt-br\/wp-json\/wp\/v2\/pages\/1211\/revisions\/2001"}],"wp:attachment":[{"href":"https:\/\/gen-t.science\/pt-br\/wp-json\/wp\/v2\/media?parent=1211"}],"curies":[{"name":"wp","href":"https:\/\/api.w.org\/{rel}","templated":true}]}}